{"id":490,"date":"2013-01-22T16:43:49","date_gmt":"2013-01-22T14:43:49","guid":{"rendered":"https:\/\/elainpuisto.fi\/uusi\/?page_id=490"},"modified":"2017-05-07T23:37:12","modified_gmt":"2017-05-07T20:37:12","slug":"djurparken","status":"publish","type":"page","link":"https:\/\/elainpuisto.fi\/uusi\/sv\/djurparken\/","title":{"rendered":"Djurparken"},"content":{"rendered":"<p><a href=\"https:\/\/elainpuisto.fi\/uusi\/wp-content\/uploads\/2012\/09\/poikajavuohet.jpg\" rel=\"lightbox[490]\"><img loading=\"lazy\" decoding=\"async\" class=\"alignnone size-thumbnail wp-image-336\" title=\"Vuohet\" alt=\"\" src=\"https:\/\/elainpuisto.fi\/uusi\/wp-content\/uploads\/2012\/09\/poikajavuohet-150x150.jpg\" width=\"150\" height=\"150\" \/><\/a><a href=\"https:\/\/elainpuisto.fi\/uusi\/wp-content\/uploads\/2012\/09\/kissatikkunalla.jpg\" rel=\"lightbox[490]\"><img loading=\"lazy\" decoding=\"async\" class=\"alignnone size-thumbnail wp-image-337\" title=\"Kissanpennut\" alt=\"\" src=\"https:\/\/elainpuisto.fi\/uusi\/wp-content\/uploads\/2012\/09\/kissatikkunalla-150x150.jpg\" width=\"150\" height=\"150\" \/><\/a><a href=\"https:\/\/elainpuisto.fi\/uusi\/wp-content\/uploads\/2012\/09\/tyttojakoira.jpg\" rel=\"lightbox[490]\"><img loading=\"lazy\" decoding=\"async\" class=\"alignnone size-thumbnail wp-image-338\" title=\"Koiranpentu\" alt=\"\" src=\"https:\/\/elainpuisto.fi\/uusi\/wp-content\/uploads\/2012\/09\/tyttojakoira-150x150.jpg\" width=\"150\" height=\"150\" \/><\/a><a href=\"https:\/\/elainpuisto.fi\/uusi\/wp-content\/uploads\/2012\/09\/lehma.jpg\" rel=\"lightbox[490]\"><img loading=\"lazy\" decoding=\"async\" class=\"alignnone size-thumbnail wp-image-339\" title=\"Lehm\u00e4\" alt=\"\" src=\"https:\/\/elainpuisto.fi\/uusi\/wp-content\/uploads\/2012\/09\/lehma-150x150.jpg\" width=\"150\" height=\"150\" \/><\/a><a href=\"https:\/\/elainpuisto.fi\/uusi\/wp-content\/uploads\/2012\/10\/tyttojakissa.jpg\" rel=\"lightbox[490]\"><img loading=\"lazy\" decoding=\"async\" class=\"alignnone size-thumbnail wp-image-180\" title=\"El\u00e4inpuisto\" alt=\"\" src=\"https:\/\/elainpuisto.fi\/uusi\/wp-content\/uploads\/2012\/10\/tyttojakissa-150x150.jpg\" width=\"150\" height=\"150\" \/><\/a><a href=\"https:\/\/elainpuisto.fi\/uusi\/wp-content\/uploads\/2012\/10\/tytt\u00f6japupu.jpg\" rel=\"lightbox[490]\"><img loading=\"lazy\" decoding=\"async\" class=\"alignnone size-thumbnail wp-image-179\" title=\"El\u00e4inpuisto\" alt=\"\" src=\"https:\/\/elainpuisto.fi\/uusi\/wp-content\/uploads\/2012\/10\/tytt\u00f6japupu-150x150.jpg\" width=\"150\" height=\"150\" \/><\/a><\/p>\n<style type=\"text\/css\"><!--\np.p1 {margin: 0.0px 0.0px 10.0px 0.0px; font: 11.0px Helvetica}\n--><\/style>\n<p><strong>I djurparken<\/strong> du kan se djuren fr\u00e5n gammal byn. Till exempel Erkki-ponny, Fettu och Putte-grisar, korna, h\u00f6nor, tuppar, getter och f\u00e5rs med sina lammen v\u00e4ntar p\u00e5 dig. Ocks\u00e5 Lilli-katten med sina kattungar och Alma-hund med sina hundvalpar v\u00e4ntar p\u00e5 ditt bes\u00f6k.<\/p>\n<p>Om tr\u00f6tthet \u00f6verraskas, hittar ni n\u00e5gra dragtraktorer och k\u00e4rrorna f\u00f6r barnen. Ni kan fika i R\u00f6kstuga-cafeterian och njuta av m\u00e5nga s\u00f6ta och salta delikatessen.<\/p>\n<p><a href=\"https:\/\/elainpuisto.fi\/uusi\/wp-content\/uploads\/2012\/09\/hevonen.jpg\" rel=\"lightbox[490]\"><img loading=\"lazy\" decoding=\"async\" class=\"alignnone size-thumbnail wp-image-341\" title=\"Hevonen\" alt=\"\" src=\"https:\/\/elainpuisto.fi\/uusi\/wp-content\/uploads\/2012\/09\/hevonen-150x150.jpg\" width=\"150\" height=\"150\" \/><\/a><a href=\"https:\/\/elainpuisto.fi\/uusi\/wp-content\/uploads\/2012\/09\/vuohet.jpg\" rel=\"lightbox[490]\"><img loading=\"lazy\" decoding=\"async\" class=\"alignnone size-thumbnail wp-image-342\" title=\"Vuohet\" alt=\"\" src=\"https:\/\/elainpuisto.fi\/uusi\/wp-content\/uploads\/2012\/09\/vuohet-150x150.jpg\" width=\"150\" height=\"150\" \/><\/a><a href=\"https:\/\/elainpuisto.fi\/uusi\/wp-content\/uploads\/2017\/02\/vuohet.jpg\" rel=\"lightbox[490]\"><img loading=\"lazy\" decoding=\"async\" class=\"alignnone size-thumbnail wp-image-664\" alt=\"vuohet\" src=\"https:\/\/elainpuisto.fi\/uusi\/wp-content\/uploads\/2017\/02\/vuohet-150x150.jpg\" width=\"150\" height=\"150\" \/><\/a><\/p>\n<style type=\"text\/css\"><!--\np.p1 {margin: 0.0px 0.0px 10.0px 0.0px; font: 11.0px Helvetica}\n--><\/style>\n<p><strong>Lekpark omr\u00e5det<\/strong> har v\u00e4xat. Lekstuga omr\u00e5det, som var byggnat i \u00e5r 2016, f\u00e5r uppdatering \u00e5rligen och nya teman till inredning. N\u00e5gra av lekstugorna \u00e4r \u00f6ppen till barnen f\u00f6r att leka. De lilla i familjen trivs i den h\u00e4r stor lekpark omr\u00e5det som inneh\u00e5ller lekbutik och lekstugorna. Barnen tycker j\u00e4tte mycket att leka d\u00e4r.<\/p>\n<p><a href=\"https:\/\/elainpuisto.fi\/uusi\/wp-content\/uploads\/2017\/02\/termater.jpg\" rel=\"lightbox[490]\"><img loading=\"lazy\" decoding=\"async\" class=\"alignnone size-thumbnail wp-image-663\" alt=\"\" src=\"https:\/\/elainpuisto.fi\/uusi\/wp-content\/uploads\/2017\/02\/termater-150x150.jpg\" width=\"150\" height=\"150\" \/><\/a> <a href=\"https:\/\/elainpuisto.fi\/uusi\/wp-content\/uploads\/2017\/02\/teritalo.jpg\" rel=\"lightbox[490]\"><img loading=\"lazy\" decoding=\"async\" class=\"alignnone size-thumbnail wp-image-662\" alt=\"\" src=\"https:\/\/elainpuisto.fi\/uusi\/wp-content\/uploads\/2017\/02\/teritalo-150x150.jpg\" width=\"150\" height=\"150\" \/><\/a> <a href=\"https:\/\/elainpuisto.fi\/uusi\/wp-content\/uploads\/2017\/02\/teijotalo.jpg\" rel=\"lightbox[490]\"><img loading=\"lazy\" decoding=\"async\" class=\"alignnone size-thumbnail wp-image-661\" alt=\"\" src=\"https:\/\/elainpuisto.fi\/uusi\/wp-content\/uploads\/2017\/02\/teijotalo-150x150.jpg\" width=\"150\" height=\"150\" \/><br \/>\n<\/a><a href=\"https:\/\/elainpuisto.fi\/uusi\/wp-content\/uploads\/2017\/02\/leikkimokit.jpg\" rel=\"lightbox[490]\"><img loading=\"lazy\" decoding=\"async\" class=\"alignnone size-thumbnail wp-image-656\" alt=\"Leikkim\u00f6kit\" src=\"https:\/\/elainpuisto.fi\/uusi\/wp-content\/uploads\/2017\/02\/leikkimokit-150x150.jpg\" width=\"150\" height=\"150\" \/><\/a> <a href=\"https:\/\/elainpuisto.fi\/uusi\/wp-content\/uploads\/2017\/02\/leikkikauppa1.jpg\" rel=\"lightbox[490]\"><img loading=\"lazy\" decoding=\"async\" class=\"alignnone size-thumbnail wp-image-655\" alt=\"\" src=\"https:\/\/elainpuisto.fi\/uusi\/wp-content\/uploads\/2017\/02\/leikkikauppa1-150x150.jpg\" width=\"150\" height=\"150\" \/><\/a> <a href=\"https:\/\/elainpuisto.fi\/uusi\/wp-content\/uploads\/2017\/02\/kreivitalo.jpg\" rel=\"lightbox[490]\"><img loading=\"lazy\" decoding=\"async\" class=\"alignnone size-thumbnail wp-image-654\" alt=\"\" src=\"https:\/\/elainpuisto.fi\/uusi\/wp-content\/uploads\/2017\/02\/kreivitalo-150x150.jpg\" width=\"150\" height=\"150\" \/><\/a><br \/>\n<a href=\"https:\/\/elainpuisto.fi\/uusi\/wp-content\/uploads\/2017\/02\/kannustalo.jpg\" rel=\"lightbox[490]\"><img loading=\"lazy\" decoding=\"async\" class=\"alignnone size-thumbnail wp-image-651\" alt=\"\" src=\"https:\/\/elainpuisto.fi\/uusi\/wp-content\/uploads\/2017\/02\/kannustalo-150x150.jpg\" width=\"150\" height=\"150\" \/><\/a> <a href=\"https:\/\/elainpuisto.fi\/uusi\/wp-content\/uploads\/2017\/02\/hirsimokki.jpg\" rel=\"lightbox[490]\"><img loading=\"lazy\" decoding=\"async\" class=\"alignnone size-thumbnail wp-image-649\" alt=\"hirsimokki\" src=\"https:\/\/elainpuisto.fi\/uusi\/wp-content\/uploads\/2017\/02\/hirsimokki-150x150.jpg\" width=\"150\" height=\"150\" \/><\/a> <a href=\"https:\/\/elainpuisto.fi\/uusi\/wp-content\/uploads\/2017\/02\/desingtalo.jpg\" rel=\"lightbox[490]\"><img loading=\"lazy\" decoding=\"async\" class=\"alignnone size-thumbnail wp-image-648\" alt=\"\" src=\"https:\/\/elainpuisto.fi\/uusi\/wp-content\/uploads\/2017\/02\/desingtalo-150x150.jpg\" width=\"150\" height=\"150\" \/><\/a><\/p>\n<style type=\"text\/css\"><!--\np.p1 {margin: 0.0px 0.0px 10.0px 0.0px; font: 11.0px Helvetica}\n--><\/style>\n<p>I stuga-och caravanarea du kan logera dig under sommartiden f\u00f6rm\u00e5nligt med hela familjen och stanna \u00e4ven till en l\u00e4ngre tid. I stugan och dr\u00e4ngstugan finns det rum f\u00f6r 3-4 personen i vardera. Fr\u00e5ga v\u00e5ra f\u00f6rm\u00e5nliga priser fr\u00e5n R\u00f6kstuga-cafeterian.<\/p>\n<style type=\"text\/css\"><!--\np.p1 {margin: 0.0px 0.0px 0.0px 0.0px; line-height: 15.0px; font: 12.0px Helvetica} p.p2 {margin: 0.0px 0.0px 0.0px 0.0px; line-height: 15.0px; font: 12.0px Helvetica; min-height: 14.0px}\n--><\/style>\n","protected":false},"excerpt":{"rendered":"<p>I djurparken du kan se djuren fr&aring;n gammal byn. Till exempel Erkki-ponny, Fettu och Putte-grisar, korna, h&ouml;nor, tuppar, getter och f&aring;rs med sina lammen v&auml;ntar p&aring; dig. Ocks&aring; Lilli-katten med sina kattungar och Alma-hund med sina hundvalpar v&auml;ntar p&aring; ditt &hellip; <a href=\"https:\/\/elainpuisto.fi\/uusi\/sv\/djurparken\/\">Continue reading <span class=\"meta-nav\">&rarr;<\/span><\/a><\/p>\n","protected":false},"author":1,"featured_media":534,"parent":0,"menu_order":3,"comment_status":"closed","ping_status":"closed","template":"sidebar-page.php","meta":{"footnotes":""},"_links":{"self":[{"href":"https:\/\/elainpuisto.fi\/uusi\/wp-json\/wp\/v2\/pages\/490"}],"collection":[{"href":"https:\/\/elainpuisto.fi\/uusi\/wp-json\/wp\/v2\/pages"}],"about":[{"href":"https:\/\/elainpuisto.fi\/uusi\/wp-json\/wp\/v2\/types\/page"}],"author":[{"embeddable":true,"href":"https:\/\/elainpuisto.fi\/uusi\/wp-json\/wp\/v2\/users\/1"}],"replies":[{"embeddable":true,"href":"https:\/\/elainpuisto.fi\/uusi\/wp-json\/wp\/v2\/comments?post=490"}],"version-history":[{"count":15,"href":"https:\/\/elainpuisto.fi\/uusi\/wp-json\/wp\/v2\/pages\/490\/revisions"}],"predecessor-version":[{"id":492,"href":"https:\/\/elainpuisto.fi\/uusi\/wp-json\/wp\/v2\/pages\/490\/revisions\/492"}],"wp:featuredmedia":[{"embeddable":true,"href":"https:\/\/elainpuisto.fi\/uusi\/wp-json\/wp\/v2\/media\/534"}],"wp:attachment":[{"href":"https:\/\/elainpuisto.fi\/uusi\/wp-json\/wp\/v2\/media?parent=490"}],"curies":[{"name":"wp","href":"https:\/\/api.w.org\/{rel}","templated":true}]}}