{"id":487,"date":"2013-01-22T16:33:22","date_gmt":"2013-01-22T14:33:22","guid":{"rendered":"https:\/\/elainpuisto.fi\/uusi\/?page_id=487"},"modified":"2021-03-10T18:19:24","modified_gmt":"2021-03-10T16:19:24","slug":"grupper","status":"publish","type":"page","link":"https:\/\/elainpuisto.fi\/uusi\/sv\/grupper\/","title":{"rendered":"Grupper"},"content":{"rendered":"<h2><strong>\u00c4rad l\u00e4rare, gruppledare, var kan ni finna ett m\u00e5ngsidigare utf\u00e4rdsm\u00e5l? <\/strong><\/h2>\n<style type=\"text\/css\"><!-- p.p1 {margin: 0.0px 0.0px 10.0px 0.0px; font: 11.0px Helvetica} --><\/style>\n<p>I Toivonens Djurpark du kan f\u00e5 of\u00f6rgl\u00f6mlig upplevelse med djuren fr\u00e5n gammal byn. Det \u00e4r m\u00f6jligt att l\u00e4ra mycket av djuren och hur man sk\u00f6tar dem, med hj\u00e4lp av v\u00e5ra kvalificerad djursk\u00f6tarna. H\u00e4r finns m\u00e5nga olika djuren till exempel Erkki-ponny, Fettu och Putte-grisar, korna, h\u00f6nor, tuppar, marsvinen, getter och f\u00e5rs med sina lammen, katten och hunden. Mest popul\u00e4raste och h\u00e4rligaste \u00e4r kattungar och hundvalpar.<\/p>\n<p>I v\u00e5r museumby du kan bekanta dig med en m\u00e5ngsidig och gammal bondemilj\u00f6. Utanf\u00f6r bybutiken g\u00e5r v\u00e4gen till djuren d\u00e4r djurskudden finns, p\u00e5 v\u00e4gen dit ni kan se skomakareverkstaden, mj\u00f6lkhuset, vildmarkmuseum, maskinmuseum, stenutst\u00e4llningen,snickeriet, torppare omr\u00e5det och en byskola fr\u00e5n 1940-talet. I m\u00e5nga av det 50 museumbyggnader presenteras olika arbetef\u00f6revisningar till exempel i Anttis Stuga f\u00f6revisas kvinnliga traditionella hantverk i gammaldags stil. P\u00e5 g\u00e5rdsomr\u00e5det du kan bekanta dig med m\u00e5nga olika traditionella utst\u00e4llningar under hela sommaren.<\/p>\n<p>I museumbyn finns det lekpark omr\u00e5det \u00e5t barnen, d\u00e4r barnen tycker leka i \u00e5r in och \u00e5r ut. Barnen tycker att det finns mycket att g\u00f6ra i lekpark omr\u00e5det och m\u00e5nga andra barnen som man kan leka med.<\/p>\n<p>Vi organiserar lektioner p\u00e5 gammaldags skol och ber\u00e4ttelse stunderna i museumbyn till grupperna.<\/p>\n<p>&nbsp;<\/p>\n","protected":false},"excerpt":{"rendered":"<p>&Auml;rad l&auml;rare, gruppledare, var kan ni finna ett m&aring;ngsidigare utf&auml;rdsm&aring;l? I Toivonens Djurpark du kan f&aring; of&ouml;rgl&ouml;mlig upplevelse med djuren fr&aring;n gammal byn. Det &auml;r m&ouml;jligt att l&auml;ra mycket av djuren och hur man sk&ouml;tar dem, med hj&auml;lp av v&aring;ra &hellip; <a href=\"https:\/\/elainpuisto.fi\/uusi\/sv\/grupper\/\">Continue reading <span class=\"meta-nav\">&rarr;<\/span><\/a><\/p>\n","protected":false},"author":1,"featured_media":166,"parent":0,"menu_order":6,"comment_status":"closed","ping_status":"closed","template":"sidebar-page.php","meta":{"footnotes":""},"_links":{"self":[{"href":"https:\/\/elainpuisto.fi\/uusi\/wp-json\/wp\/v2\/pages\/487"}],"collection":[{"href":"https:\/\/elainpuisto.fi\/uusi\/wp-json\/wp\/v2\/pages"}],"about":[{"href":"https:\/\/elainpuisto.fi\/uusi\/wp-json\/wp\/v2\/types\/page"}],"author":[{"embeddable":true,"href":"https:\/\/elainpuisto.fi\/uusi\/wp-json\/wp\/v2\/users\/1"}],"replies":[{"embeddable":true,"href":"https:\/\/elainpuisto.fi\/uusi\/wp-json\/wp\/v2\/comments?post=487"}],"version-history":[{"count":7,"href":"https:\/\/elainpuisto.fi\/uusi\/wp-json\/wp\/v2\/pages\/487\/revisions"}],"predecessor-version":[{"id":848,"href":"https:\/\/elainpuisto.fi\/uusi\/wp-json\/wp\/v2\/pages\/487\/revisions\/848"}],"wp:featuredmedia":[{"embeddable":true,"href":"https:\/\/elainpuisto.fi\/uusi\/wp-json\/wp\/v2\/media\/166"}],"wp:attachment":[{"href":"https:\/\/elainpuisto.fi\/uusi\/wp-json\/wp\/v2\/media?parent=487"}],"curies":[{"name":"wp","href":"https:\/\/api.w.org\/{rel}","templated":true}]}}