{"id":482,"date":"2013-01-22T16:18:28","date_gmt":"2013-01-22T14:18:28","guid":{"rendered":"https:\/\/elainpuisto.fi\/uusi\/?page_id=482"},"modified":"2020-03-09T22:03:43","modified_gmt":"2020-03-09T20:03:43","slug":"historien","status":"publish","type":"page","link":"https:\/\/elainpuisto.fi\/uusi\/sv\/historien\/","title":{"rendered":"Historien"},"content":{"rendered":"<h2><strong>Bondekulturen fr\u00e5n ett familjef\u00f6retag i Kelvi\u00e5. <\/strong><\/h2>\n<style type=\"text\/css\"><!--\np.p1 {margin: 0.0px 0.0px 10.0px 0.0px; font: 11.0px Helvetica}\n--><\/style>\n<p>Toivonens familj byggde museum omr\u00e5det under 20 \u00e5r.\u00a0 P\u00e5 omr\u00e5det finns det Djurpark och Museumbyn som inneh\u00e5ller 50 olika byggnader. Omr\u00e5det ligger vid riksv\u00e4g E8 i utkanten av Karleby. F\u00f6retaget grundades \u00e5r 1985 och har sen dess utvidgats \u00e5rligen i modern stil. Arbetsuppvisningarna som f\u00f6revisas i Museumbyn kommer fram med intressant och m\u00e5ngsidigt erbjudande p\u00e5 omr\u00e5det. Av arbetsuppvisningarna \u00e4r tj\u00e4rbr\u00e4nnandet och lertegel tillverkning samt skjuts med h\u00e4st och k\u00e4rra, bryggning av lemonad, tr\u00e4arbeten, p\u00e4rt hyvling och takarbeten och arbete i smedenverkstaden popul\u00e4raste. N\u00e4mnas kan bland kvinnoarbeten kardning, spinning, f\u00e4rgning av tr\u00e5dar med naturf\u00e4rger samt v\u00e4vnig av trasmattor och tyger i olika f\u00e4rger. P\u00e5 omr\u00e5det du kan titta p\u00e5 m\u00e5ngsidigt djururval, byskolan och bybutik fr\u00e5n 1930-40-talet, f\u00f6rbr\u00e4nningsmotormuseum, snickeriverkstaden och mycket andra intressanta byggnader. P\u00e5 bil-och traktorarea finns det fordonen och arbetemaskiner fr\u00e5n &#8220;farfars tid\u00b4\u00b4. F\u00f6r barnen det finns mycket att g\u00f6ra i lekpark och titta p\u00e5 utst\u00e4llning av lekstugor. Barnen kan leka i lekbutik och i n\u00e5gra lekstugor som ligger p\u00e5 omr\u00e5det. I Mattis Hus finns det intressant leksaksmuseum.<\/p>\n<p>Mattis Hus och R\u00f6kstuga-cafeterian \u00e4r b\u00e5da hela omr\u00e5dets centrum. Under sommartiden f\u00f6retagen ger arbete \u00e5t 13-14 arbetsagaren. Toivonens Djurpark och Bondemuseum \u00e4r ett synnerligen popul\u00e4rt resem\u00e5l, det finns cirka 30 000 bes\u00f6ker i Toivonens Djurpark och Bondemuseum \u00e5rligen.<\/p>\n<p>F\u00f6retagets grundare Matti Toivonen har varit Hembygd f\u00f6reningens ordf\u00f6rande f\u00f6r 40 \u00e5r i Kelvi\u00e5. Han har f\u00f6r sin hobby att studera mycket sin hembygd vind-och vattenkvarnars historien. Ocks\u00e5 gamla fotografin har varit j\u00e4tte mycket &#8220;i bilden&#8220;.<\/p>\n<style type=\"text\/css\"><!--\np.p1 {margin: 0.0px 0.0px 10.0px 0.0px; font: 11.0px Helvetica}\n--><\/style>\n<p>F\u00f6retagets merit<\/p>\n<p>1986\u00a0 K\u00e4lvi\u00e4n kunnnan Yritt\u00e4j\u00e4palkinto<\/p>\n<p>1991\u00a0 Kotiseutuliiton ansiomitali n:o 1216<\/p>\n<p>1991\u00a0 MEK:n kunniakirja Lomaset kilpailu<\/p>\n<p>1993\u00a0 Pro Maaseutu palkinto<\/p>\n<p>1995\u00a0 Maakuntien parhaat laatumerkki<\/p>\n<p>1995\u00a0 Keskipohjanmaan maakunnallinen matkailupalkinto<\/p>\n<p>1996\u00a0 Maaseudun kehitt\u00e4misen pilottiyritys Suomessa<\/p>\n<p>1997\u00a0 MTK:n juhlavuoden vetonaulakilpailun 1.palkinto<\/p>\n<p>1998\u00a0 Matti Toivonen K\u00e4lvi\u00e4n vuoden kulttuurihenkil\u00f6<\/p>\n<p>1998\u00a0 Suomen yritt\u00e4jien Kultainen Yritt\u00e4j\u00e4risti<\/p>\n<p>2003\u00a0 Suomen Tammi kunniakirja<\/p>\n<p>2007\u00a0 Suomen yritt\u00e4jien Timanttinen Yritt\u00e4j\u00e4risti<\/p>\n<p>2009\u00a0 Kotiseutuliiton mitali n:o 2276<\/p>\n<p>2009\u00a0 Vuoden kyl\u00e4teko kunniamaininta &#8220;Suomen sivistysliitto&#8220;<\/p>\n<p>2010\u00a0 Kotiseututy\u00f6n ansiomitali Matti Toivoselle<\/p>\n<p>2014\u00a0 Suomen maatalousmuseo Sarka, vuoden kes\u00e4kohde Toivosen El\u00e4inpuisto ja Talonpojanmuseo<\/p>\n<p>2015\u00a0 Vuoden Kokkola-palkinto Matti Toivoselle<\/p>\n<p>2019 Kotiseutuneuvos-arvonimi Matti Toivoselle<\/p>\n","protected":false},"excerpt":{"rendered":"<p>Bondekulturen fr&aring;n ett familjef&ouml;retag i Kelvi&aring;. Toivonens familj byggde museum omr&aring;det under 20 &aring;r.&nbsp; P&aring; omr&aring;det finns det Djurpark och Museumbyn som inneh&aring;ller 50 olika byggnader. Omr&aring;det ligger vid riksv&auml;g E8 i utkanten av Karleby. F&ouml;retaget grundades &aring;r 1985 och &hellip; <a href=\"https:\/\/elainpuisto.fi\/uusi\/sv\/historien\/\">Continue reading <span class=\"meta-nav\">&rarr;<\/span><\/a><\/p>\n","protected":false},"author":1,"featured_media":175,"parent":0,"menu_order":5,"comment_status":"closed","ping_status":"closed","template":"sidebar-page.php","meta":{"footnotes":""},"_links":{"self":[{"href":"https:\/\/elainpuisto.fi\/uusi\/wp-json\/wp\/v2\/pages\/482"}],"collection":[{"href":"https:\/\/elainpuisto.fi\/uusi\/wp-json\/wp\/v2\/pages"}],"about":[{"href":"https:\/\/elainpuisto.fi\/uusi\/wp-json\/wp\/v2\/types\/page"}],"author":[{"embeddable":true,"href":"https:\/\/elainpuisto.fi\/uusi\/wp-json\/wp\/v2\/users\/1"}],"replies":[{"embeddable":true,"href":"https:\/\/elainpuisto.fi\/uusi\/wp-json\/wp\/v2\/comments?post=482"}],"version-history":[{"count":6,"href":"https:\/\/elainpuisto.fi\/uusi\/wp-json\/wp\/v2\/pages\/482\/revisions"}],"predecessor-version":[{"id":780,"href":"https:\/\/elainpuisto.fi\/uusi\/wp-json\/wp\/v2\/pages\/482\/revisions\/780"}],"wp:featuredmedia":[{"embeddable":true,"href":"https:\/\/elainpuisto.fi\/uusi\/wp-json\/wp\/v2\/media\/175"}],"wp:attachment":[{"href":"https:\/\/elainpuisto.fi\/uusi\/wp-json\/wp\/v2\/media?parent=482"}],"curies":[{"name":"wp","href":"https:\/\/api.w.org\/{rel}","templated":true}]}}