{"id":478,"date":"2013-01-22T15:44:35","date_gmt":"2013-01-22T13:44:35","guid":{"rendered":"https:\/\/elainpuisto.fi\/uusi\/?page_id=478"},"modified":"2017-05-07T23:34:38","modified_gmt":"2017-05-07T20:34:38","slug":"kafeterian","status":"publish","type":"page","link":"https:\/\/elainpuisto.fi\/uusi\/sv\/kafeterian\/","title":{"rendered":"Cafeterian"},"content":{"rendered":"<style type=\"text\/css\"><!--\np.p1 {margin: 0.0px 0.0px 10.0px 0.0px; font: 11.0px Helvetica}\n--><\/style>\n<p><strong>R\u00f6kstuga-cafeterian<\/strong> fungerar i en \u00f6sterbottnisk bondg\u00e5rd fr\u00e5n 1700-talet. Fr\u00e5n R\u00f6kstuga-cafeterian f\u00e5r man k\u00f6pa varje dag bland annat lokala semlor, bakelser och du har ocks\u00e5 m\u00f6jlighet att dricka till exempel Laitila`s lemonad. Det finns ocks\u00e5 mycket annat att \u00e4ta och dricka.<\/p>\n<p>I \u00f6vre v\u00e5ningen av cafeterian finns det rum att fika och njuta av varierande utst\u00e4llningar. Det \u00e4r ocks\u00e5 ett m\u00f6tesrum som man kan hyra.<\/p>\n<p><a href=\"https:\/\/elainpuisto.fi\/uusi\/wp-content\/uploads\/2012\/08\/matintalo_p\u00e4\u00e4ty.jpg\" rel=\"lightbox[478]\"><img loading=\"lazy\" decoding=\"async\" class=\"alignnone size-thumbnail wp-image-323\" title=\"Kaffila\" alt=\"\" src=\"https:\/\/elainpuisto.fi\/uusi\/wp-content\/uploads\/2012\/08\/matintalo_p\u00e4\u00e4ty-150x150.jpg\" width=\"150\" height=\"150\" \/><\/a><a href=\"https:\/\/elainpuisto.fi\/uusi\/wp-content\/uploads\/2012\/08\/kukatkahvilassa.jpg\" rel=\"lightbox[478]\"><img loading=\"lazy\" decoding=\"async\" class=\"alignnone size-thumbnail wp-image-324\" title=\"Kahvila\" alt=\"\" src=\"https:\/\/elainpuisto.fi\/uusi\/wp-content\/uploads\/2012\/08\/kukatkahvilassa-150x150.jpg\" width=\"150\" height=\"150\" \/><\/a><a href=\"https:\/\/elainpuisto.fi\/uusi\/wp-content\/uploads\/2012\/08\/tytotkahvilassa.jpg\" rel=\"lightbox[478]\"><img loading=\"lazy\" decoding=\"async\" class=\"alignnone size-thumbnail wp-image-325\" title=\"Kahvila\" alt=\"\" src=\"https:\/\/elainpuisto.fi\/uusi\/wp-content\/uploads\/2012\/08\/tytotkahvilassa-150x150.jpg\" width=\"150\" height=\"150\" \/><\/a><a href=\"https:\/\/elainpuisto.fi\/uusi\/wp-content\/uploads\/2012\/08\/pihapiiri.jpg\" rel=\"lightbox[478]\"><img loading=\"lazy\" decoding=\"async\" class=\"alignnone size-thumbnail wp-image-326\" title=\"Kahvilan pihapiiri\" alt=\"\" src=\"https:\/\/elainpuisto.fi\/uusi\/wp-content\/uploads\/2012\/08\/pihapiiri-150x150.jpg\" width=\"150\" height=\"150\" \/><\/a><a href=\"https:\/\/elainpuisto.fi\/uusi\/wp-content\/uploads\/2012\/08\/kahvila+kukat.jpg\" rel=\"lightbox[478]\"><img loading=\"lazy\" decoding=\"async\" class=\"alignnone size-thumbnail wp-image-327\" title=\"Kahvilan piha\" alt=\"\" src=\"https:\/\/elainpuisto.fi\/uusi\/wp-content\/uploads\/2012\/08\/kahvila+kukat-150x150.jpg\" width=\"150\" height=\"150\" \/><\/a><a href=\"https:\/\/elainpuisto.fi\/uusi\/wp-content\/uploads\/2012\/08\/kaffila_tiski.jpg\" rel=\"lightbox[478]\"><img loading=\"lazy\" decoding=\"async\" class=\"alignnone size-thumbnail wp-image-398\" title=\"Kaffilan tarjontaa\" alt=\"\" src=\"https:\/\/elainpuisto.fi\/uusi\/wp-content\/uploads\/2012\/08\/kaffila_tiski-150x150.jpg\" width=\"150\" height=\"150\" \/><\/a><\/p>\n<style type=\"text\/css\"><!--\np.p1 {margin: 0.0px 0.0px 10.0px 0.0px; font: 11.0px Helvetica} p.p2 {margin: 0.0px 0.0px 10.0px 0.0px; font: 11.0px Helvetica; min-height: 13.0px}\n--><\/style>\n<p><strong>Handarbete-och G\u00e5vabutik<\/strong><\/p>\n<p>Handarbete-och G\u00e5vabutik har flyttat till ett stor rum av Mattis Hus. Fr\u00e5n butiken du kan hitta till exempel moderna inredning produkter, \u00e5tervinning produkter, m\u00e5nga sorter av olika present och lokala handarbete. Butik \u00e4r \u00f6ppet klockan:12-18 varje dag. Butiken \u00e4r \u00f6ppet f\u00f6r alla, det beh\u00f6vs ingen biljett att g\u00e5 och handla h\u00e4rliga saker fr\u00e5n butiken!<\/p>\n<p><a href=\"https:\/\/elainpuisto.fi\/uusi\/wp-content\/uploads\/2012\/10\/myymala8.jpg\" rel=\"lightbox[478]\"><img loading=\"lazy\" decoding=\"async\" class=\"alignnone size-thumbnail wp-image-137\" title=\"Puoti\" alt=\"\" src=\"https:\/\/elainpuisto.fi\/uusi\/wp-content\/uploads\/2012\/10\/myymala8-150x150.jpg\" width=\"150\" height=\"150\" \/><\/a><a href=\"https:\/\/elainpuisto.fi\/uusi\/wp-content\/uploads\/2012\/10\/myymala6.jpg\" rel=\"lightbox[478]\"><img loading=\"lazy\" decoding=\"async\" class=\"alignnone size-thumbnail wp-image-139\" title=\"Itse v\u00e4rj\u00e4ttyj\u00e4 lankoja\" alt=\"\" src=\"https:\/\/elainpuisto.fi\/uusi\/wp-content\/uploads\/2012\/10\/myymala6-150x150.jpg\" width=\"150\" height=\"150\" \/><\/a><a href=\"https:\/\/elainpuisto.fi\/uusi\/wp-content\/uploads\/2017\/02\/puoti1.jpg\" rel=\"lightbox[478]\"><img loading=\"lazy\" decoding=\"async\" class=\"alignnone size-thumbnail wp-image-657\" alt=\"Puoti\" src=\"https:\/\/elainpuisto.fi\/uusi\/wp-content\/uploads\/2017\/02\/puoti1-150x150.jpg\" width=\"150\" height=\"150\" \/><\/a><br \/>\n<a href=\"https:\/\/elainpuisto.fi\/uusi\/wp-content\/uploads\/2012\/08\/peltikalenteri.jpg\" rel=\"lightbox[478]\"><img loading=\"lazy\" decoding=\"async\" class=\"alignnone size-thumbnail wp-image-320\" title=\"Peltikalenteri ja -mukit\" alt=\"\" src=\"https:\/\/elainpuisto.fi\/uusi\/wp-content\/uploads\/2012\/08\/peltikalenteri-150x150.jpg\" width=\"150\" height=\"150\" \/><\/a><a href=\"https:\/\/elainpuisto.fi\/uusi\/wp-content\/uploads\/2012\/10\/myymala71.jpg\" rel=\"lightbox[478]\"><img loading=\"lazy\" decoding=\"async\" class=\"alignnone size-thumbnail wp-image-138\" title=\"Myym\u00e4l\u00e4n tuotteita\" alt=\"\" src=\"https:\/\/elainpuisto.fi\/uusi\/wp-content\/uploads\/2012\/10\/myymala71-150x150.jpg\" width=\"150\" height=\"150\" \/><\/a><a href=\"https:\/\/elainpuisto.fi\/uusi\/wp-content\/uploads\/2017\/02\/puoti2.jpg\" rel=\"lightbox[478]\"><img loading=\"lazy\" decoding=\"async\" class=\"alignnone size-thumbnail wp-image-658\" alt=\"Puoti\" src=\"https:\/\/elainpuisto.fi\/uusi\/wp-content\/uploads\/2017\/02\/puoti2-150x150.jpg\" width=\"150\" height=\"150\" \/><\/a><\/p>\n<style type=\"text\/css\"><!--\np.p1 {margin: 0.0px 0.0px 10.0px 0.0px; font: 11.0px Helvetica}\n--><\/style>\n<p><em><strong>B\u00e5da R\u00f6kstuga-cafeterian och Mattis Hus, bredvid cafeterian, \u00e4r hela omr\u00e5dets centrum.<\/strong><\/em><\/p>\n<style type=\"text\/css\"><!--\np.p1 {margin: 0.0px 0.0px 10.0px 0.0px; font: 11.0px Helvetica} p.p2 {margin: 0.0px 0.0px 10.0px 0.0px; font: 11.0px Helvetica; min-height: 13.0px}\n--><\/style>\n<p><strong>Mattis Hus<\/strong><\/p>\n<p>Mattis Hus \u00e4r en stor bondg\u00e5rd som har tv\u00e5 v\u00e5ningen. Huset \u00e4r byggdt p\u00e5 1850-talet. Under sommartiden 1998 \u00f6ppnade Mattis Hus sina d\u00f6rrar i Bondemuseum. Mattis Hus har flyttat fr\u00e5n Ruotsalo, som \u00e4r byn i Kelvi\u00e5.<\/p>\n<p>I Mattis Hus finns till exempel ett rum fr\u00e5n 1950-talet och ett leksaksmuseum. I vindv\u00e5ningen finns det radio-och symaskin utst\u00e4llningar.<\/p>\n<p>Du kan ocks\u00e5 hitta en bymangel i Mattis Hus vindv\u00e5ningen. <b>\u00a0<\/b><\/p>\n<p><a href=\"https:\/\/elainpuisto.fi\/uusi\/wp-content\/uploads\/2012\/08\/kukat.jpg\" rel=\"lightbox[478]\"><img loading=\"lazy\" decoding=\"async\" class=\"alignnone size-thumbnail wp-image-459\" alt=\"Kasvihuone\" src=\"https:\/\/elainpuisto.fi\/uusi\/wp-content\/uploads\/2012\/08\/kukat-150x150.jpg\" width=\"150\" height=\"150\" \/><\/a><a href=\"https:\/\/elainpuisto.fi\/uusi\/wp-content\/uploads\/2012\/10\/lelut.jpg\" rel=\"lightbox[478]\"><img loading=\"lazy\" decoding=\"async\" class=\"alignnone size-thumbnail wp-image-181\" alt=\"Lelun\u00e4yttely Matintalossa\" src=\"https:\/\/elainpuisto.fi\/uusi\/wp-content\/uploads\/2012\/10\/lelut-150x150.jpg\" width=\"150\" height=\"150\" \/><\/a><a href=\"https:\/\/elainpuisto.fi\/uusi\/wp-content\/uploads\/2012\/08\/valopesuaine.jpg\" rel=\"lightbox[478]\"><img loading=\"lazy\" decoding=\"async\" class=\"alignnone size-thumbnail wp-image-330\" title=\"Valo-pesuaine\" alt=\"\" src=\"https:\/\/elainpuisto.fi\/uusi\/wp-content\/uploads\/2012\/08\/valopesuaine-150x150.jpg\" width=\"150\" height=\"150\" \/><\/a><a href=\"https:\/\/elainpuisto.fi\/uusi\/wp-content\/uploads\/2012\/08\/matintalo4.jpg\" rel=\"lightbox[478]\"><img loading=\"lazy\" decoding=\"async\" class=\"alignnone size-thumbnail wp-image-331\" title=\"Matintalo\" alt=\"\" src=\"https:\/\/elainpuisto.fi\/uusi\/wp-content\/uploads\/2012\/08\/matintalo4-150x150.jpg\" width=\"150\" height=\"150\" \/><\/a><a href=\"https:\/\/elainpuisto.fi\/uusi\/wp-content\/uploads\/2012\/08\/kelakukat.jpg\" rel=\"lightbox[478]\"><img loading=\"lazy\" decoding=\"async\" class=\"alignnone size-thumbnail wp-image-332\" title=\"Kukkia\" alt=\"\" src=\"https:\/\/elainpuisto.fi\/uusi\/wp-content\/uploads\/2012\/08\/kelakukat-150x150.jpg\" width=\"150\" height=\"150\" \/><\/a><a href=\"https:\/\/elainpuisto.fi\/uusi\/wp-content\/uploads\/2012\/08\/orvokit.jpg\" rel=\"lightbox[478]\"><img loading=\"lazy\" decoding=\"async\" class=\"alignnone size-thumbnail wp-image-333\" title=\"Orvokit\" alt=\"\" src=\"https:\/\/elainpuisto.fi\/uusi\/wp-content\/uploads\/2012\/08\/orvokit-150x150.jpg\" width=\"150\" height=\"150\" \/><br \/>\n<\/a><a href=\"https:\/\/elainpuisto.fi\/uusi\/wp-content\/uploads\/2017\/02\/matintalo_portaat.jpg\" rel=\"lightbox[478]\"><img loading=\"lazy\" decoding=\"async\" class=\"alignnone size-thumbnail wp-image-672\" alt=\"Matintalo\" src=\"https:\/\/elainpuisto.fi\/uusi\/wp-content\/uploads\/2017\/02\/matintalo_portaat-150x150.jpg\" width=\"150\" height=\"150\" \/><\/a><a href=\"https:\/\/elainpuisto.fi\/uusi\/wp-content\/uploads\/2017\/02\/kasvihuone2.jpg\" rel=\"lightbox[478]\"><img loading=\"lazy\" decoding=\"async\" class=\"alignnone size-thumbnail wp-image-653\" alt=\"Kasvihuone\" src=\"https:\/\/elainpuisto.fi\/uusi\/wp-content\/uploads\/2017\/02\/kasvihuone2-150x150.jpg\" width=\"150\" height=\"150\" \/><\/a><a href=\"https:\/\/elainpuisto.fi\/uusi\/wp-content\/uploads\/2017\/02\/kasvihuone.jpg\" rel=\"lightbox[478]\"><img loading=\"lazy\" decoding=\"async\" class=\"alignnone size-thumbnail wp-image-652\" alt=\"Kasvihuone\" src=\"https:\/\/elainpuisto.fi\/uusi\/wp-content\/uploads\/2017\/02\/kasvihuone-150x150.jpg\" width=\"150\" height=\"150\" \/><\/a><\/p>\n<p>&nbsp;<\/p>\n","protected":false},"excerpt":{"rendered":"<p>R&ouml;kstuga-cafeterian fungerar i en &ouml;sterbottnisk bondg&aring;rd fr&aring;n 1700-talet. Fr&aring;n R&ouml;kstuga-cafeterian f&aring;r man k&ouml;pa varje dag bland annat lokala semlor, bakelser och du har ocks&aring; m&ouml;jlighet att dricka till exempel Laitila`s lemonad. Det finns ocks&aring; mycket annat att &auml;ta och dricka. &hellip; <a href=\"https:\/\/elainpuisto.fi\/uusi\/sv\/kafeterian\/\">Continue reading <span class=\"meta-nav\">&rarr;<\/span><\/a><\/p>\n","protected":false},"author":1,"featured_media":318,"parent":0,"menu_order":2,"comment_status":"closed","ping_status":"closed","template":"sidebar-page.php","meta":{"footnotes":""},"_links":{"self":[{"href":"https:\/\/elainpuisto.fi\/uusi\/wp-json\/wp\/v2\/pages\/478"}],"collection":[{"href":"https:\/\/elainpuisto.fi\/uusi\/wp-json\/wp\/v2\/pages"}],"about":[{"href":"https:\/\/elainpuisto.fi\/uusi\/wp-json\/wp\/v2\/types\/page"}],"author":[{"embeddable":true,"href":"https:\/\/elainpuisto.fi\/uusi\/wp-json\/wp\/v2\/users\/1"}],"replies":[{"embeddable":true,"href":"https:\/\/elainpuisto.fi\/uusi\/wp-json\/wp\/v2\/comments?post=478"}],"version-history":[{"count":17,"href":"https:\/\/elainpuisto.fi\/uusi\/wp-json\/wp\/v2\/pages\/478\/revisions"}],"predecessor-version":[{"id":725,"href":"https:\/\/elainpuisto.fi\/uusi\/wp-json\/wp\/v2\/pages\/478\/revisions\/725"}],"wp:featuredmedia":[{"embeddable":true,"href":"https:\/\/elainpuisto.fi\/uusi\/wp-json\/wp\/v2\/media\/318"}],"wp:attachment":[{"href":"https:\/\/elainpuisto.fi\/uusi\/wp-json\/wp\/v2\/media?parent=478"}],"curies":[{"name":"wp","href":"https:\/\/api.w.org\/{rel}","templated":true}]}}