{"id":445,"date":"2013-01-14T10:55:30","date_gmt":"2013-01-14T08:55:30","guid":{"rendered":"https:\/\/elainpuisto.fi\/uusi\/?page_id=445"},"modified":"2017-05-07T23:45:03","modified_gmt":"2017-05-07T20:45:03","slug":"museebyn","status":"publish","type":"page","link":"https:\/\/elainpuisto.fi\/uusi\/sv\/museebyn\/","title":{"rendered":"Museumbyn"},"content":{"rendered":"<style type=\"text\/css\"><!--\np.p1 {margin: 0.0px 0.0px 10.0px 0.0px; font: 11.0px Helvetica}\n--><\/style>\n<p><em><strong>Museumbyn erbjuder varje sesong n\u00e5got nytt och intressant att se och uppleva.\u00a0<\/strong><\/em><\/p>\n<p><a href=\"https:\/\/elainpuisto.fi\/uusi\/wp-content\/uploads\/2012\/10\/antintupa.jpg\" rel=\"lightbox[445]\"><br \/>\n<img loading=\"lazy\" decoding=\"async\" class=\"alignnone size-thumbnail wp-image-188\" title=\"Antintupa\" alt=\"\" src=\"https:\/\/elainpuisto.fi\/uusi\/wp-content\/uploads\/2012\/10\/antintupa-150x150.jpg\" width=\"150\" height=\"150\" \/><\/a><a href=\"https:\/\/elainpuisto.fi\/uusi\/wp-content\/uploads\/2012\/10\/lankojenvarjays.jpg\" rel=\"lightbox[445]\"><img loading=\"lazy\" decoding=\"async\" class=\"alignnone size-thumbnail wp-image-211\" title=\"Langanv\u00e4rj\u00e4ys meneill\u00e4\u00e4n\" alt=\"\" src=\"https:\/\/elainpuisto.fi\/uusi\/wp-content\/uploads\/2012\/10\/lankojenvarjays-150x150.jpg\" width=\"150\" height=\"150\" \/><\/a><a href=\"https:\/\/elainpuisto.fi\/uusi\/wp-content\/uploads\/2012\/10\/lapset.jpg\" rel=\"lightbox[445]\"><img loading=\"lazy\" decoding=\"async\" class=\"alignnone size-thumbnail wp-image-182\" title=\"Lapset ja vetotraktori\" alt=\"\" src=\"https:\/\/elainpuisto.fi\/uusi\/wp-content\/uploads\/2012\/10\/lapset-150x150.jpg\" width=\"150\" height=\"150\" \/><\/a><a href=\"https:\/\/elainpuisto.fi\/uusi\/wp-content\/uploads\/2012\/09\/rukki.jpg\" rel=\"lightbox[445]\"><img loading=\"lazy\" decoding=\"async\" class=\"alignnone size-thumbnail wp-image-344\" title=\"Rukki\" alt=\"\" src=\"https:\/\/elainpuisto.fi\/uusi\/wp-content\/uploads\/2012\/09\/rukki-150x150.jpg\" width=\"150\" height=\"150\" \/><\/a><a href=\"https:\/\/elainpuisto.fi\/uusi\/wp-content\/uploads\/2012\/09\/kangaspuut.jpg\" rel=\"lightbox[445]\"><img loading=\"lazy\" decoding=\"async\" class=\"alignnone size-thumbnail wp-image-345\" title=\"Kangaspuut Antintuvassa\" alt=\"\" src=\"https:\/\/elainpuisto.fi\/uusi\/wp-content\/uploads\/2012\/09\/kangaspuut-150x150.jpg\" width=\"150\" height=\"150\" \/><\/a><a href=\"https:\/\/elainpuisto.fi\/uusi\/wp-content\/uploads\/2017\/02\/pyykkinaru.jpg\" rel=\"lightbox[445]\"><img loading=\"lazy\" decoding=\"async\" class=\"alignnone size-thumbnail wp-image-659\" alt=\"pyykkinaru\" src=\"https:\/\/elainpuisto.fi\/uusi\/wp-content\/uploads\/2017\/02\/pyykkinaru-150x150.jpg\" width=\"150\" height=\"150\" \/><\/a><a href=\"https:\/\/elainpuisto.fi\/uusi\/wp-content\/uploads\/2012\/10\/lankojenvarjays.jpg\" rel=\"lightbox[445]\"><br \/>\n<\/a><\/p>\n<style type=\"text\/css\"><!--\np.p1 {margin: 0.0px 0.0px 10.0px 0.0px; font: 11.0px Helvetica}\n--><\/style>\n<p><strong>I Anttis Stuga<\/strong> du har m\u00f6jlighet bekanta dig med arbetef\u00f6revisnig som visar gamla arbetemetoder, till exempel kardning samt f\u00e4rgning av garn. Under sommartiden du kan ocks\u00e5 bekanta dig med v\u00e4vning av tr\u00e4smattor, i v\u00e4vstol. I Anttis Stuga ordnas ocks\u00e5 olika utst\u00e4llningar.<\/p>\n<p><strong>Smedenverkstad<\/strong> var den gammaltida bygemenskapens mittpunkt. D\u00e4r tillverkades i allm\u00e4nhet alla hush\u00e5llsredskap vilka beh\u00f6vs vid smida. I smedenverkstaden finns en stor m\u00e4ngd av redskap som anv\u00e4ndes till olika \u00e4ndam\u00e5l och som nejdens b\u00e4sta smeder anv\u00e4nde n\u00e4r dom t\u00e4vlade om vem som var b\u00e4st.<\/p>\n<p><strong>Farfars snickeri.<\/strong> I farfars snickeri fr\u00e5n under sekelskiftet finns det flera olika arbetsmaskiner som \u00e4r gjord av tr\u00e4. Alla arbetsmaskiner \u00e4r i gott skick och n\u00e5gra \u00e4ven brukbara. D\u00e4r f\u00e5r man en utm\u00e4rkt uppfattning om hur mekanisering har b\u00f6rjat under 1900-talet.\u00a0 I farfars snickeri finns ett brett urval av snickarens handarbete redskap. Bredvid farfars snickeri ligger en gammal transformator byggnad.<\/p>\n<p><strong>Bybutiken<\/strong> fr\u00e5n under 1930-40 talet var en diverse butik. I samma byggnad finns bypostkontor, telegrafcenter, urmakareverkstaden och fotograferings laboratorium. En benzinstation ligger utanf\u00f6r bybutiken. I bybutiken du kan se den lokal urmakare Lassila`s verktyget. D\u00e4r finns ocks\u00e5 mycket av Otto Junnola`s fotografiet.<\/p>\n<p><strong><a href=\"https:\/\/elainpuisto.fi\/uusi\/wp-content\/uploads\/2012\/09\/tytot_karryilla1.jpg\" rel=\"lightbox[445]\"><img loading=\"lazy\" decoding=\"async\" class=\"alignnone size-thumbnail wp-image-351\" title=\"Kaupan pihassa\" alt=\"\" src=\"https:\/\/elainpuisto.fi\/uusi\/wp-content\/uploads\/2012\/09\/tytot_karryilla1-150x150.jpg\" width=\"150\" height=\"150\" \/><\/a><a href=\"https:\/\/elainpuisto.fi\/uusi\/wp-content\/uploads\/2012\/09\/mopo1.jpg\" rel=\"lightbox[445]\"><img loading=\"lazy\" decoding=\"async\" class=\"alignnone size-thumbnail wp-image-352\" title=\"Mopo kaupan pihassa\" alt=\"\" src=\"https:\/\/elainpuisto.fi\/uusi\/wp-content\/uploads\/2012\/09\/mopo1-150x150.jpg\" width=\"150\" height=\"150\" \/><\/a><a href=\"https:\/\/elainpuisto.fi\/uusi\/wp-content\/uploads\/2012\/10\/kauppa.jpg\" rel=\"lightbox[445]\"><img loading=\"lazy\" decoding=\"async\" class=\"alignnone size-thumbnail wp-image-209\" title=\"Vanha kyl\u00e4kauppa\" alt=\"\" src=\"https:\/\/elainpuisto.fi\/uusi\/wp-content\/uploads\/2012\/10\/kauppa-150x150.jpg\" width=\"150\" height=\"150\" \/><\/a><a href=\"https:\/\/elainpuisto.fi\/uusi\/wp-content\/uploads\/2012\/10\/kellot.jpg\" rel=\"lightbox[445]\"><img loading=\"lazy\" decoding=\"async\" class=\"alignnone size-thumbnail wp-image-207\" title=\"Kellosep\u00e4n verstas\" alt=\"\" src=\"https:\/\/elainpuisto.fi\/uusi\/wp-content\/uploads\/2012\/10\/kellot-150x150.jpg\" width=\"150\" height=\"150\" \/><\/a><a href=\"https:\/\/elainpuisto.fi\/uusi\/wp-content\/uploads\/2012\/10\/kauppapuoti.jpg\" rel=\"lightbox[445]\"><img loading=\"lazy\" decoding=\"async\" class=\"alignnone size-thumbnail wp-image-206\" title=\"Kauppapuoti\" alt=\"\" src=\"https:\/\/elainpuisto.fi\/uusi\/wp-content\/uploads\/2012\/10\/kauppapuoti-150x150.jpg\" width=\"150\" height=\"150\" \/><\/a><a href=\"https:\/\/elainpuisto.fi\/uusi\/wp-content\/uploads\/2012\/10\/kassakone.jpg\" rel=\"lightbox[445]\"><img loading=\"lazy\" decoding=\"async\" class=\"alignnone size-thumbnail wp-image-208\" title=\"Kaupan kassakone\" alt=\"\" src=\"https:\/\/elainpuisto.fi\/uusi\/wp-content\/uploads\/2012\/10\/kassakone-150x150.jpg\" width=\"150\" height=\"150\" \/><\/a><\/strong><\/p>\n<p><strong>Bryggeriet och Bageriet<\/strong> under 1930-40 talet.<\/p>\n<p><a href=\"https:\/\/elainpuisto.fi\/uusi\/wp-content\/uploads\/2012\/09\/limsakori.jpg\" rel=\"lightbox[445]\"><img loading=\"lazy\" decoding=\"async\" class=\"alignnone size-thumbnail wp-image-383\" title=\"Limsakori\" alt=\"\" src=\"https:\/\/elainpuisto.fi\/uusi\/wp-content\/uploads\/2012\/09\/limsakori-150x150.jpg\" width=\"150\" height=\"150\" \/><\/a><a href=\"https:\/\/elainpuisto.fi\/uusi\/wp-content\/uploads\/2012\/10\/pommac.jpg\" rel=\"lightbox[445]\"><img loading=\"lazy\" decoding=\"async\" class=\"alignnone size-thumbnail wp-image-205\" title=\"Vanha limumainos\" alt=\"\" src=\"https:\/\/elainpuisto.fi\/uusi\/wp-content\/uploads\/2012\/10\/pommac-150x150.jpg\" width=\"150\" height=\"150\" \/><\/a><a href=\"https:\/\/elainpuisto.fi\/uusi\/wp-content\/uploads\/2012\/09\/leipomo.jpg\" rel=\"lightbox[445]\"><img loading=\"lazy\" decoding=\"async\" class=\"alignnone size-thumbnail wp-image-354\" title=\"Leipomo\" alt=\"\" src=\"https:\/\/elainpuisto.fi\/uusi\/wp-content\/uploads\/2012\/09\/leipomo-150x150.jpg\" width=\"150\" height=\"150\" \/><\/a><\/p>\n<style type=\"text\/css\"><!--\np.p1 {margin: 0.0px 0.0px 10.0px 0.0px; font: 11.0px Helvetica}\n--><\/style>\n<p><strong>Ria och jordbrukmuseum.<\/strong> D\u00e4r f\u00f6revisas det redskap som anv\u00e4ndes p\u00e5 g\u00e5rden i vardagliga f\u00f6rh\u00e5llanden och en riklig samling av arbeteredskap.<\/p>\n<p><strong>I jaktmuseum<\/strong> har man framme en bred artikel av det som anv\u00e4ndes under jakt och fiske med olika avdelningar.<\/p>\n<p>Ut\u00f6ver finns det p\u00e5 omr\u00e5det bland annat ett <strong>motormuseum<\/strong>, en tj\u00e4ragrav, ett tegelfabrik, en torpparestuga och en byskola fr\u00e5n 1940-talet vilken har stor popularitet.<\/p>\n<p><a href=\"https:\/\/elainpuisto.fi\/uusi\/wp-content\/uploads\/2012\/09\/kartta.jpg\" rel=\"lightbox[445]\"><img loading=\"lazy\" decoding=\"async\" class=\"alignnone size-thumbnail wp-image-356\" title=\"Kyl\u00e4koululla\" alt=\"\" src=\"https:\/\/elainpuisto.fi\/uusi\/wp-content\/uploads\/2012\/09\/kartta-150x150.jpg\" width=\"150\" height=\"150\" \/><\/a><a href=\"https:\/\/elainpuisto.fi\/uusi\/wp-content\/uploads\/2012\/09\/tunti_museokoululla.jpg\" rel=\"lightbox[445]\"><img loading=\"lazy\" decoding=\"async\" class=\"alignnone size-thumbnail wp-image-385\" title=\"Oppitunti museokoululla\" alt=\"\" src=\"https:\/\/elainpuisto.fi\/uusi\/wp-content\/uploads\/2012\/09\/tunti_museokoululla-150x150.jpg\" width=\"150\" height=\"150\" \/><\/a><a href=\"https:\/\/elainpuisto.fi\/uusi\/wp-content\/uploads\/2012\/10\/luokkahuone.jpg\" rel=\"lightbox[445]\"><img loading=\"lazy\" decoding=\"async\" class=\"alignnone size-thumbnail wp-image-214\" title=\"Luokkahuone\" alt=\"\" src=\"https:\/\/elainpuisto.fi\/uusi\/wp-content\/uploads\/2012\/10\/luokkahuone-150x150.jpg\" width=\"150\" height=\"150\" \/><br \/>\n<\/a><a href=\"https:\/\/elainpuisto.fi\/uusi\/wp-content\/uploads\/2017\/02\/juna-ja-poika.jpg\" rel=\"lightbox[445]\"><img loading=\"lazy\" decoding=\"async\" class=\"alignnone size-thumbnail wp-image-650\" alt=\"juna-ja-poika\" src=\"https:\/\/elainpuisto.fi\/uusi\/wp-content\/uploads\/2017\/02\/juna-ja-poika-150x150.jpg\" width=\"150\" height=\"150\" \/><\/a><a href=\"https:\/\/elainpuisto.fi\/uusi\/wp-content\/uploads\/2017\/02\/rattaat-ja-lapset.jpg\" rel=\"lightbox[445]\"><img loading=\"lazy\" decoding=\"async\" class=\"alignnone size-thumbnail wp-image-660\" alt=\"rattaat-ja-lapset\" src=\"https:\/\/elainpuisto.fi\/uusi\/wp-content\/uploads\/2017\/02\/rattaat-ja-lapset-150x150.jpg\" width=\"150\" height=\"150\" \/><\/a><a href=\"https:\/\/elainpuisto.fi\/uusi\/wp-content\/uploads\/2012\/09\/lapsetjaheppa.jpg\" rel=\"lightbox[445]\"><img loading=\"lazy\" decoding=\"async\" class=\"alignnone size-thumbnail wp-image-346\" alt=\"Lapset ja heppa\" src=\"https:\/\/elainpuisto.fi\/uusi\/wp-content\/uploads\/2012\/09\/lapsetjaheppa-150x150.jpg\" width=\"150\" height=\"150\" \/><\/a><\/p>\n<style type=\"text\/css\"><!--\np.p1 {margin: 0.0px 0.0px 10.0px 0.0px; font: 11.0px Helvetica}\n--><\/style>\n<p><strong>P\u00e5 bil-och traktoromr\u00e5det<\/strong> finns det fordonen och arbetsmaskiner fr\u00e5n &#8220;farfars tid&#8221;. Om du har bra tur, du kan \u00e4ven slippa p\u00e5 en liten \u00e5ktur med traktor.<\/p>\n<p><a href=\"https:\/\/elainpuisto.fi\/uusi\/wp-content\/uploads\/2012\/09\/raktorit.jpg\" rel=\"lightbox[445]\"><img loading=\"lazy\" decoding=\"async\" class=\"alignnone size-thumbnail wp-image-359\" title=\"Traktorit\" alt=\"\" src=\"https:\/\/elainpuisto.fi\/uusi\/wp-content\/uploads\/2012\/09\/raktorit-150x150.jpg\" width=\"150\" height=\"150\" \/><\/a><a href=\"https:\/\/elainpuisto.fi\/uusi\/wp-content\/uploads\/2012\/09\/ralliraktorit.jpg\" rel=\"lightbox[445]\"><img loading=\"lazy\" decoding=\"async\" class=\"alignnone size-thumbnail wp-image-361\" title=\"Traktoreita\" alt=\"\" src=\"https:\/\/elainpuisto.fi\/uusi\/wp-content\/uploads\/2012\/09\/ralliraktorit-150x150.jpg\" width=\"150\" height=\"150\" \/><\/a><a href=\"https:\/\/elainpuisto.fi\/uusi\/wp-content\/uploads\/2012\/09\/pikkuraktori.jpg\" rel=\"lightbox[445]\"><img loading=\"lazy\" decoding=\"async\" class=\"alignnone size-thumbnail wp-image-362\" title=\"Pikkutraktori\" alt=\"\" src=\"https:\/\/elainpuisto.fi\/uusi\/wp-content\/uploads\/2012\/09\/pikkuraktori-150x150.jpg\" width=\"150\" height=\"150\" \/><\/a><a href=\"https:\/\/elainpuisto.fi\/uusi\/wp-content\/uploads\/2012\/09\/autojapoika.jpg\" rel=\"lightbox[445]\"><img loading=\"lazy\" decoding=\"async\" class=\"alignnone size-thumbnail wp-image-363\" title=\"Autoja\" alt=\"\" src=\"https:\/\/elainpuisto.fi\/uusi\/wp-content\/uploads\/2012\/09\/autojapoika-150x150.jpg\" width=\"150\" height=\"150\" \/><\/a><a href=\"https:\/\/elainpuisto.fi\/uusi\/wp-content\/uploads\/2012\/09\/matti_ajaa.jpg\" rel=\"lightbox[445]\"><img loading=\"lazy\" decoding=\"async\" class=\"alignnone size-thumbnail wp-image-364\" title=\"Matti ajelulla\" alt=\"\" src=\"https:\/\/elainpuisto.fi\/uusi\/wp-content\/uploads\/2012\/09\/matti_ajaa-150x150.jpg\" width=\"150\" height=\"150\" \/><\/a><a href=\"https:\/\/elainpuisto.fi\/uusi\/wp-content\/uploads\/2012\/09\/mopolla.jpg\" rel=\"lightbox[445]\"><img loading=\"lazy\" decoding=\"async\" class=\"alignnone size-thumbnail wp-image-365\" title=\"Mopoja\" alt=\"\" src=\"https:\/\/elainpuisto.fi\/uusi\/wp-content\/uploads\/2012\/09\/mopolla-150x150.jpg\" width=\"150\" height=\"150\" \/><\/a><\/p>\n<style type=\"text\/css\"><!--\np.p1 {margin: 0.0px 0.0px 10.0px 0.0px; font: 11.0px Helvetica}\n--><\/style>\n<p>P\u00e5 omr\u00e5det finns ocks\u00e5 ett gammalt <strong>fiskeb\u00e5t<\/strong>, var man kan h\u00e5lla \u00e4ven liten funktioner.<\/p>\n<h1><a href=\"https:\/\/elainpuisto.fi\/uusi\/wp-content\/uploads\/2012\/09\/Laiva.jpg\" rel=\"lightbox[445]\"><img loading=\"lazy\" decoding=\"async\" class=\"alignnone size-thumbnail wp-image-368\" title=\"Kalastusalus\" alt=\"\" src=\"https:\/\/elainpuisto.fi\/uusi\/wp-content\/uploads\/2012\/09\/Laiva-150x150.jpg\" width=\"150\" height=\"150\" \/><\/a><a href=\"https:\/\/elainpuisto.fi\/uusi\/wp-content\/uploads\/2012\/09\/pursimies.jpg\" rel=\"lightbox[445]\"><img loading=\"lazy\" decoding=\"async\" class=\"alignnone size-thumbnail wp-image-367\" title=\"Kalastusaluksella pursimiehen\u00e4\" alt=\"\" src=\"https:\/\/elainpuisto.fi\/uusi\/wp-content\/uploads\/2012\/09\/pursimies-150x150.jpg\" width=\"150\" height=\"150\" \/><\/a><a href=\"https:\/\/elainpuisto.fi\/uusi\/wp-content\/uploads\/2012\/09\/Laivasta.jpg\" rel=\"lightbox[445]\"><img loading=\"lazy\" decoding=\"async\" class=\"alignnone size-thumbnail wp-image-369\" title=\"Kalastusaluksen sis\u00e4lt\u00e4\" alt=\"\" src=\"https:\/\/elainpuisto.fi\/uusi\/wp-content\/uploads\/2012\/09\/Laivasta-150x150.jpg\" width=\"150\" height=\"150\" \/><\/a><\/h1>\n<h1><\/h1>\n<p lang=\"en-US\"><i>\u00a0<\/i><\/p>\n","protected":false},"excerpt":{"rendered":"<p>Museumbyn erbjuder varje sesong n&aring;got nytt och intressant att se och uppleva.&nbsp; I Anttis Stuga du har m&ouml;jlighet bekanta dig med arbetef&ouml;revisnig som visar gamla arbetemetoder, till exempel kardning samt f&auml;rgning av garn. Under sommartiden du kan ocks&aring; bekanta dig &hellip; <a href=\"https:\/\/elainpuisto.fi\/uusi\/sv\/museebyn\/\">Continue reading <span class=\"meta-nav\">&rarr;<\/span><\/a><\/p>\n","protected":false},"author":1,"featured_media":161,"parent":0,"menu_order":4,"comment_status":"closed","ping_status":"closed","template":"sidebar-page.php","meta":{"footnotes":""},"_links":{"self":[{"href":"https:\/\/elainpuisto.fi\/uusi\/wp-json\/wp\/v2\/pages\/445"}],"collection":[{"href":"https:\/\/elainpuisto.fi\/uusi\/wp-json\/wp\/v2\/pages"}],"about":[{"href":"https:\/\/elainpuisto.fi\/uusi\/wp-json\/wp\/v2\/types\/page"}],"author":[{"embeddable":true,"href":"https:\/\/elainpuisto.fi\/uusi\/wp-json\/wp\/v2\/users\/1"}],"replies":[{"embeddable":true,"href":"https:\/\/elainpuisto.fi\/uusi\/wp-json\/wp\/v2\/comments?post=445"}],"version-history":[{"count":13,"href":"https:\/\/elainpuisto.fi\/uusi\/wp-json\/wp\/v2\/pages\/445\/revisions"}],"predecessor-version":[{"id":729,"href":"https:\/\/elainpuisto.fi\/uusi\/wp-json\/wp\/v2\/pages\/445\/revisions\/729"}],"wp:featuredmedia":[{"embeddable":true,"href":"https:\/\/elainpuisto.fi\/uusi\/wp-json\/wp\/v2\/media\/161"}],"wp:attachment":[{"href":"https:\/\/elainpuisto.fi\/uusi\/wp-json\/wp\/v2\/media?parent=445"}],"curies":[{"name":"wp","href":"https:\/\/api.w.org\/{rel}","templated":true}]}}