{"id":440,"date":"2013-01-14T10:42:38","date_gmt":"2013-01-14T08:42:38","guid":{"rendered":"https:\/\/elainpuisto.fi\/uusi\/?page_id=440"},"modified":"2025-03-05T22:51:14","modified_gmt":"2025-03-05T20:51:14","slug":"valkommen-till-vara-sidor","status":"publish","type":"page","link":"https:\/\/elainpuisto.fi\/uusi\/sv\/valkommen-till-vara-sidor\/","title":{"rendered":"V\u00e4lkommen!"},"content":{"rendered":"<h2><strong>Mellersta \u00d6sterbottens favoritresem\u00e5l<\/strong><\/h2>\n<style type=\"text\/css\"><!-- p.p1 {margin: 0.0px 0.0px 10.0px 0.0px; font: 11.0px Helvetica} p.p2 {margin: 0.0px 0.0px 10.0px 0.0px; font: 11.0px Helvetica; min-height: 13.0px} --><\/style>\n<p><strong>Toivonens Djurpark och Bondemuseum<\/strong> ligger vid riksv\u00e4g E8 i Kelvi\u00e5, 10 kilometer norr om Karleby. Bondemuseet, som fungerar tillsammans med djurparken, har f\u00f6r n\u00e4rvarande 50 olika byggnader och \u00f6ver 12 500 museif\u00f6rem\u00e5l. Museiomr\u00e5det forts\u00e4tter att expandera och utvecklas m\u00e5lmedvetet f\u00f6r att ge varje bes\u00f6kare detaljerad information om livet i en \u00f6sterbottnisk landsort i b\u00f6rjan av f\u00f6rra \u00e5rhundradet.<\/p>\n<p>P\u00e5 omr\u00e5det finns m\u00e5nga intressanta arbetsuppvisningar under sommaren. Alla arbetsuppvisningar f\u00f6ljer gamla bondetraditioner.<\/p>\n<p>I djurparken kan du bekanta dig med olika djurarter och uppleva livet p\u00e5 en gammaldags bondg\u00e5rd med djur i sin traditionella omgivning. Djurparksomr\u00e5det erbjuder m\u00e5nga olika tj\u00e4nster, s\u00e5som R\u00f6kstuga-cafeterian och flera utst\u00e4llningar.<\/p>\n<p>I Handarbets- och G\u00e5vobutiken finns ett stort utbud av varor f\u00f6r b\u00e5de vuxna och de minsta i familjen. Butiken \u00e4r \u00f6ppen varje dag kl. 12\u201318. Alla \u00e4r v\u00e4lkomna att bes\u00f6ka butiken utan att beh\u00f6va k\u00f6pa en biljett till parken!<\/p>\n<p>P\u00e5 omr\u00e5det finns ocks\u00e5 en m\u00e5ngsidig lekpark f\u00f6r barn. F\u00f6r barnen har vi en lekbutik, en utst\u00e4llning av lekstugor samt ett lekomr\u00e5de med flera lekstugor d\u00e4r barnen kan leka.<\/p>\n<p>En utst\u00e4llning av antika bilar och traktorer har en egen plats p\u00e5 omr\u00e5det, och alla maskiner finns d\u00e4r under hela sommaren.<\/p>\n<p><iframe loading=\"lazy\" src=\"http:\/\/www.youtube.com\/embed\/GakhXnzBvuw?rel=0\" width=\"560\" height=\"315\" frameborder=\"0\"><\/iframe><\/p>\n<p><a title=\"El\u00e4inpuiston ja museokyl\u00e4n kartta\" href=\"https:\/\/elainpuisto.fi\/uusi\/wp-content\/uploads\/2016\/02\/Toivosen_Elainpuisto_map.pdf\" target=\"_blank\" rel=\"noopener noreferrer\"><img loading=\"lazy\" decoding=\"async\" class=\"alignnone size-full wp-image-580\" src=\"https:\/\/elainpuisto.fi\/uusi\/wp-content\/uploads\/2016\/02\/Lapset_Elainpuisto_kartta_se.jpg\" alt=\"Avaa t\u00e4st\u00e4 El\u00e4inpuiston ja Museokyl\u00e4n kartta\" width=\"580\" height=\"280\" \/><\/a><\/p>\n","protected":false},"excerpt":{"rendered":"<p>Mellersta &Ouml;sterbottens favoritresem&aring;l Toivonens Djurpark och Bondemuseum ligger vid riksv&auml;g E8 i Kelvi&aring;, 10 kilometer norr om Karleby. Bondemuseet, som fungerar tillsammans med djurparken, har f&ouml;r n&auml;rvarande 50 olika byggnader och &ouml;ver 12 500 museif&ouml;rem&aring;l. Museiomr&aring;det forts&auml;tter att expandera och &hellip; <a href=\"https:\/\/elainpuisto.fi\/uusi\/sv\/valkommen-till-vara-sidor\/\">Continue reading <span class=\"meta-nav\">&rarr;<\/span><\/a><\/p>\n","protected":false},"author":1,"featured_media":890,"parent":0,"menu_order":1,"comment_status":"closed","ping_status":"closed","template":"sidebar-page.php","meta":{"footnotes":""},"_links":{"self":[{"href":"https:\/\/elainpuisto.fi\/uusi\/wp-json\/wp\/v2\/pages\/440"}],"collection":[{"href":"https:\/\/elainpuisto.fi\/uusi\/wp-json\/wp\/v2\/pages"}],"about":[{"href":"https:\/\/elainpuisto.fi\/uusi\/wp-json\/wp\/v2\/types\/page"}],"author":[{"embeddable":true,"href":"https:\/\/elainpuisto.fi\/uusi\/wp-json\/wp\/v2\/users\/1"}],"replies":[{"embeddable":true,"href":"https:\/\/elainpuisto.fi\/uusi\/wp-json\/wp\/v2\/comments?post=440"}],"version-history":[{"count":24,"href":"https:\/\/elainpuisto.fi\/uusi\/wp-json\/wp\/v2\/pages\/440\/revisions"}],"predecessor-version":[{"id":958,"href":"https:\/\/elainpuisto.fi\/uusi\/wp-json\/wp\/v2\/pages\/440\/revisions\/958"}],"wp:featuredmedia":[{"embeddable":true,"href":"https:\/\/elainpuisto.fi\/uusi\/wp-json\/wp\/v2\/media\/890"}],"wp:attachment":[{"href":"https:\/\/elainpuisto.fi\/uusi\/wp-json\/wp\/v2\/media?parent=440"}],"curies":[{"name":"wp","href":"https:\/\/api.w.org\/{rel}","templated":true}]}}