{"id":32,"date":"2012-09-04T17:19:35","date_gmt":"2012-09-04T14:19:35","guid":{"rendered":"https:\/\/elainpuisto.fi\/uusi\/?page_id=32"},"modified":"2021-03-10T18:18:57","modified_gmt":"2021-03-10T16:18:57","slug":"ryhmat","status":"publish","type":"page","link":"https:\/\/elainpuisto.fi\/uusi\/ryhmat\/","title":{"rendered":"Ryhm\u00e4t"},"content":{"rendered":"<p>&nbsp;<\/p>\n<h1><strong>Arvoisat opettajat \/ ryhm\u00e4nvet\u00e4j\u00e4t.<br \/>\n<\/strong><strong>Mist\u00e4 l\u00f6yd\u00e4tte monipuolisemman retkikohteen?<\/strong><\/h1>\n<style type=\"text\/css\"><!-- p.p1 {margin: 0.0px 0.0px 10.0px 0.0px; font: 11.0px Helvetica} --><\/style>\n<p>Toivosen El\u00e4inpuisto tarjoaa k\u00e4vij\u00e4lleen unohtumattomia kokemuksia maalaiskyl\u00e4n el\u00e4inten kanssa. K\u00e4ynnin aikana on mahdollista oppia el\u00e4imist\u00e4 ja niiden k\u00e4sittelyst\u00e4 ammattitaitoisten el\u00e4intenhoitajien opastuksella. T\u00e4\u00e4ll\u00e4 voi tutustua moniin el\u00e4imiin, esim. k\u00e4\u00e4pi\u00f6vuohiin, lampaisiin, kanoihin, kukkoihin, poniin, possuihin, lehmiin, marsuihin sek\u00e4 kissan-ja koiranpentuihin. Kaikkein ihastuttavimpia ja suosituimpia ovat kissan-ja koiranpennut.<\/p>\n<p>Museokyl\u00e4ss\u00e4mme voitte tutustua mit\u00e4 monipuolisempaan vanhaan maalaismilj\u00f6\u00f6seen. Kyl\u00e4kaupan edest\u00e4 l\u00e4htee tie karjapihalle jossa on eri el\u00e4inten suojat, matkan varrella on suutarinhuone, maitohuone, er\u00e4museo, konemuseo, kivin\u00e4yttely, puusep\u00e4ntehdas, torpanalue sek\u00e4 40-luvun kyl\u00e4koulu. Monissa yli 50 museorakennuksessa esitet\u00e4\u00e4n usein erilaisia ty\u00f6n\u00e4yt\u00f6ksi\u00e4 mm. Antintuvassa esitell\u00e4\u00e4n monenlaisia naisten perinnek\u00e4sit\u00f6it\u00e4 vanhaan malliin. Pihapiiriss\u00e4 voi tutustua erilaisiin perinnen\u00e4yttelyihin koko kes\u00e4n ajan.<\/p>\n<style type=\"text\/css\"><!-- p.p1 {margin: 0.0px 0.0px 10.0px 0.0px; font: 11.0px Helvetica} --><\/style>\n<p>Museokyl\u00e4n alueelta l\u00f6ytyy lapsille leikkipuisto-alue jossa on mukava leikki\u00e4 vuodesta toiseen. Leikkipuisto-alue on lapsista mukava paikka koska siell\u00e4 on niin paljon tekemist\u00e4 ja muita lapsia, joiden kanssa leikki\u00e4.<\/p>\n<p>J\u00e4rjest\u00e4mme tilauksesta ryhmille oppitunteja entisajan Kyl\u00e4koululla sek\u00e4 Tarinatuokioita Museokyl\u00e4ss\u00e4.<\/p>\n<p>&nbsp;<\/p>\n","protected":false},"excerpt":{"rendered":"<p>&nbsp; Arvoisat opettajat \/ ryhm&auml;nvet&auml;j&auml;t. Mist&auml; l&ouml;yd&auml;tte monipuolisemman retkikohteen? Toivosen El&auml;inpuisto tarjoaa k&auml;vij&auml;lleen unohtumattomia kokemuksia maalaiskyl&auml;n el&auml;inten kanssa. K&auml;ynnin aikana on mahdollista oppia el&auml;imist&auml; ja niiden k&auml;sittelyst&auml; ammattitaitoisten el&auml;intenhoitajien opastuksella. T&auml;&auml;ll&auml; voi tutustua moniin el&auml;imiin, esim. k&auml;&auml;pi&ouml;vuohiin, lampaisiin, kanoihin, kukkoihin, &hellip; <a href=\"https:\/\/elainpuisto.fi\/uusi\/ryhmat\/\">Continue reading <span class=\"meta-nav\">&rarr;<\/span><\/a><\/p>\n","protected":false},"author":1,"featured_media":166,"parent":0,"menu_order":6,"comment_status":"closed","ping_status":"closed","template":"sidebar-page.php","meta":{"footnotes":""},"_links":{"self":[{"href":"https:\/\/elainpuisto.fi\/uusi\/wp-json\/wp\/v2\/pages\/32"}],"collection":[{"href":"https:\/\/elainpuisto.fi\/uusi\/wp-json\/wp\/v2\/pages"}],"about":[{"href":"https:\/\/elainpuisto.fi\/uusi\/wp-json\/wp\/v2\/types\/page"}],"author":[{"embeddable":true,"href":"https:\/\/elainpuisto.fi\/uusi\/wp-json\/wp\/v2\/users\/1"}],"replies":[{"embeddable":true,"href":"https:\/\/elainpuisto.fi\/uusi\/wp-json\/wp\/v2\/comments?post=32"}],"version-history":[{"count":20,"href":"https:\/\/elainpuisto.fi\/uusi\/wp-json\/wp\/v2\/pages\/32\/revisions"}],"predecessor-version":[{"id":847,"href":"https:\/\/elainpuisto.fi\/uusi\/wp-json\/wp\/v2\/pages\/32\/revisions\/847"}],"wp:featuredmedia":[{"embeddable":true,"href":"https:\/\/elainpuisto.fi\/uusi\/wp-json\/wp\/v2\/media\/166"}],"wp:attachment":[{"href":"https:\/\/elainpuisto.fi\/uusi\/wp-json\/wp\/v2\/media?parent=32"}],"curies":[{"name":"wp","href":"https:\/\/api.w.org\/{rel}","templated":true}]}}