{"id":28,"date":"2012-09-04T17:16:13","date_gmt":"2012-09-04T14:16:13","guid":{"rendered":"https:\/\/elainpuisto.fi\/uusi\/?page_id=28"},"modified":"2022-04-22T15:07:05","modified_gmt":"2022-04-22T12:07:05","slug":"historiaa","status":"publish","type":"page","link":"https:\/\/elainpuisto.fi\/uusi\/historiaa\/","title":{"rendered":"Historiaa"},"content":{"rendered":"<h2><strong>Talonpoikaiskulttuuria k\u00e4lvi\u00e4l\u00e4iselt\u00e4 perheyritykselt\u00e4.<\/strong><\/h2>\n<p>Toivosen perhe rakensi reilun kahdenkymmenen vuoden aikana El\u00e4inpuiston ja 50 rakennusta k\u00e4sitt\u00e4v\u00e4n Museokyl\u00e4n, valtatie 8:n varteen Kokkolan kupeeseen. Yritys perustettiin 1985 ja sit\u00e4 on laajennettu nykymuotoon vuosittain. El\u00e4inpuiston Museokyl\u00e4ss\u00e4 monet esitett\u00e4v\u00e4t ty\u00f6n\u00e4yt\u00f6kset tuovat mielenkiintoa ja monipuolisuutta alueen tarjontaan. Ty\u00f6n\u00e4yt\u00f6ksist\u00e4 mittavampia ovat tervanpoltto, savitiilenteko hevoskierrolla, limukan teko, puusep\u00e4nty\u00f6t, p\u00e4reenh\u00f6yl\u00e4ys ja katonteko, sep\u00e4n ty\u00f6t pajassa. Naisten t\u00f6ist\u00e4 mainittakoon karstaus, kehr\u00e4ys ja lankojen v\u00e4rj\u00e4ys luonnonv\u00e4reill\u00e4 sek\u00e4 erilaisten kankaiden ja r\u00e4symattojen kutominen.<\/p>\n<style type=\"text\/css\"><!-- p.p1 {margin: 0.0px 0.0px 10.0px 0.0px; font: 11.0px Helvetica} --><\/style>\n<p>Alueella voi monipuolisen el\u00e4inpuiston lis\u00e4ksi k\u00e4yd\u00e4 tutustumassa 40-luvun kyl\u00e4kouluun, kauppapuotiin, polttomoottorimuseoon, puusep\u00e4ntehtaaseen sek\u00e4 moniin muihin alueen kohteisiin. Auto- ja traktorimuseo-alueella l\u00f6yt\u00e4\u00e4 &#8220;iso-is\u00e4n aikaiset&#8220; menopelit ty\u00f6koneineen. Lapsille mielenkiintoista l\u00f6ytyy leikkipuisto-alueesta, joka koostuu leikkim\u00f6kkien n\u00e4yttelyalueesta sek\u00e4 leikkikaupasta ja leikkim\u00f6keist\u00e4, joita on alueella leikkimist\u00e4 varten. Matintalolla on my\u00f6s mielenkiintoinen Lasten Museo.<\/p>\n<style type=\"text\/css\"><!-- p.p1 {margin: 0.0px 0.0px 10.0px 0.0px; font: 11.0px Helvetica} --><\/style>\n<p>Matintalo ja Savupirtti-kahvila ovat koko alueen keskus. Kauden aikana yritys ty\u00f6llist\u00e4\u00e4 n.13-14 ty\u00f6ntekij\u00e4\u00e4. Toivosen El\u00e4inpuisto ja Talonpojanmuseo on varsin suosittu matkakohde kuten 30 000 henkil\u00f6n k\u00e4ynti vuodessa osoittaa.<\/p>\n<style type=\"text\/css\"><!-- p.p1 {margin: 0.0px 0.0px 10.0px 0.0px; font: 11.0px Helvetica} --><\/style>\n<p>Yrityksen perustaja Matti Toivonen on ollut K\u00e4lvi\u00e4n kotiseutuyhdistyksen puheenjohtajana yli 40 vuotta, harrastuksenaan h\u00e4n on tutkinut laajasti kotipit\u00e4j\u00e4ns\u00e4 tuuli-ja vesimyllyhistoriaa. My\u00f6s vanhat valokuvat ovat voimakkaasti mukana &#8220;kuvassa&#8220;.<\/p>\n<p>Kirjoitus: <a href=\"https:\/\/elainpuisto.fi\/uusi\/kun-unelmista-tuli-totta\/\">Kun unelmista tuli totta<\/a><\/p>\n<h1>Yrityksen ansioita:<\/h1>\n<p>1986 K\u00e4lvi\u00e4n kunnan Yritt\u00e4j\u00e4palkinto<\/p>\n<p>1991 Kotiseutuliiton ansiomitali n:o 1216<\/p>\n<p>1991 MEK:n kunniakirja Lomaset kilpailu<\/p>\n<p>1993 Pro Maaseutu palkinto<\/p>\n<p>1995 Maakuntien parhaat laatumerkki<\/p>\n<p>1995 Keskipohjanmaan maakunnallinen matkailupalkinto<\/p>\n<p>1996 Maaseudun kehitt\u00e4misen pilottiyritys Suomessa<\/p>\n<p>1997 MTK:n juhlavuoden vetonaulakilpailun 1.palkinto<\/p>\n<p>1998 Matti Toivonen K\u00e4lvi\u00e4n vuoden kulttuurihenkil\u00f6<\/p>\n<p>1998 Suomen yritt\u00e4jien Kultainen Yritt\u00e4j\u00e4risti<\/p>\n<p>2003 Suomen Tammi Kunniakirja<\/p>\n<p>2007 Suomen yritt\u00e4jien timanttinen Yritt\u00e4j\u00e4risti<\/p>\n<p>2009 Kotiseutuliiton mitali n:o 2276<\/p>\n<p>2009 Vuoden kyl\u00e4teko kunniamaininta &#8220;Suomen sivistysliitto&#8221;<\/p>\n<p>2010 Kotiseututy\u00f6n ansiomitali Matti Toivoselle<\/p>\n<p>2014 Suomen maatalousmuseo Sarka, vuoden kes\u00e4kohde Toivosen El\u00e4inpuisto ja Talonpojanmuseo<\/p>\n<p>2015 Vuoden Kokkola-palkinto Matti Toivoselle<\/p>\n<p>2019 Kotiseutuneuvos-arvonimi Matti Toivoselle<\/p>\n<p>2021 Matkailumajakka Toivosen El\u00e4inpuistolle<\/p>\n","protected":false},"excerpt":{"rendered":"<p>Talonpoikaiskulttuuria k&auml;lvi&auml;l&auml;iselt&auml; perheyritykselt&auml;. Toivosen perhe rakensi reilun kahdenkymmenen vuoden aikana El&auml;inpuiston ja 50 rakennusta k&auml;sitt&auml;v&auml;n Museokyl&auml;n, valtatie 8:n varteen Kokkolan kupeeseen. Yritys perustettiin 1985 ja sit&auml; on laajennettu nykymuotoon vuosittain. El&auml;inpuiston Museokyl&auml;ss&auml; monet esitett&auml;v&auml;t ty&ouml;n&auml;yt&ouml;kset tuovat mielenkiintoa ja monipuolisuutta alueen &hellip; <a href=\"https:\/\/elainpuisto.fi\/uusi\/historiaa\/\">Continue reading <span class=\"meta-nav\">&rarr;<\/span><\/a><\/p>\n","protected":false},"author":1,"featured_media":175,"parent":0,"menu_order":5,"comment_status":"closed","ping_status":"closed","template":"sidebar-page.php","meta":{"footnotes":""},"_links":{"self":[{"href":"https:\/\/elainpuisto.fi\/uusi\/wp-json\/wp\/v2\/pages\/28"}],"collection":[{"href":"https:\/\/elainpuisto.fi\/uusi\/wp-json\/wp\/v2\/pages"}],"about":[{"href":"https:\/\/elainpuisto.fi\/uusi\/wp-json\/wp\/v2\/types\/page"}],"author":[{"embeddable":true,"href":"https:\/\/elainpuisto.fi\/uusi\/wp-json\/wp\/v2\/users\/1"}],"replies":[{"embeddable":true,"href":"https:\/\/elainpuisto.fi\/uusi\/wp-json\/wp\/v2\/comments?post=28"}],"version-history":[{"count":23,"href":"https:\/\/elainpuisto.fi\/uusi\/wp-json\/wp\/v2\/pages\/28\/revisions"}],"predecessor-version":[{"id":910,"href":"https:\/\/elainpuisto.fi\/uusi\/wp-json\/wp\/v2\/pages\/28\/revisions\/910"}],"wp:featuredmedia":[{"embeddable":true,"href":"https:\/\/elainpuisto.fi\/uusi\/wp-json\/wp\/v2\/media\/175"}],"wp:attachment":[{"href":"https:\/\/elainpuisto.fi\/uusi\/wp-json\/wp\/v2\/media?parent=28"}],"curies":[{"name":"wp","href":"https:\/\/api.w.org\/{rel}","templated":true}]}}