{"id":26,"date":"2012-09-04T17:14:21","date_gmt":"2012-09-04T14:14:21","guid":{"rendered":"https:\/\/elainpuisto.fi\/uusi\/?page_id=26"},"modified":"2022-04-22T15:05:17","modified_gmt":"2022-04-22T12:05:17","slug":"elainpuisto","status":"publish","type":"page","link":"https:\/\/elainpuisto.fi\/uusi\/elainpuisto\/","title":{"rendered":"El\u00e4inpuisto"},"content":{"rendered":"<p><a href=\"https:\/\/elainpuisto.fi\/uusi\/wp-content\/uploads\/2012\/09\/poikajavuohet.jpg\" rel=\"lightbox[26]\"><img loading=\"lazy\" decoding=\"async\" class=\"alignnone size-thumbnail wp-image-336\" title=\"Vuohet\" src=\"https:\/\/elainpuisto.fi\/uusi\/wp-content\/uploads\/2012\/09\/poikajavuohet-150x150.jpg\" alt=\"\" width=\"150\" height=\"150\" \/><\/a><a href=\"https:\/\/elainpuisto.fi\/uusi\/wp-content\/uploads\/2012\/09\/kissatikkunalla.jpg\" rel=\"lightbox[26]\"><img loading=\"lazy\" decoding=\"async\" class=\"alignnone size-thumbnail wp-image-337\" title=\"Kissanpennut\" src=\"https:\/\/elainpuisto.fi\/uusi\/wp-content\/uploads\/2012\/09\/kissatikkunalla-150x150.jpg\" alt=\"\" width=\"150\" height=\"150\" \/><\/a><a href=\"https:\/\/elainpuisto.fi\/uusi\/wp-content\/uploads\/2012\/09\/tyttojakoira.jpg\" rel=\"lightbox[26]\"><img loading=\"lazy\" decoding=\"async\" class=\"alignnone size-thumbnail wp-image-338\" title=\"Koiranpentu\" src=\"https:\/\/elainpuisto.fi\/uusi\/wp-content\/uploads\/2012\/09\/tyttojakoira-150x150.jpg\" alt=\"\" width=\"150\" height=\"150\" \/><\/a><a href=\"https:\/\/elainpuisto.fi\/uusi\/wp-content\/uploads\/2012\/09\/lehma.jpg\" rel=\"lightbox[26]\"><img loading=\"lazy\" decoding=\"async\" class=\"alignnone size-thumbnail wp-image-339\" title=\"Lehm\u00e4\" src=\"https:\/\/elainpuisto.fi\/uusi\/wp-content\/uploads\/2012\/09\/lehma-150x150.jpg\" alt=\"\" width=\"150\" height=\"150\" \/><\/a><a href=\"https:\/\/elainpuisto.fi\/uusi\/wp-content\/uploads\/2012\/10\/tyttojakissa.jpg\" rel=\"lightbox[26]\"><img loading=\"lazy\" decoding=\"async\" class=\"alignnone size-thumbnail wp-image-180\" title=\"El\u00e4inpuisto\" src=\"https:\/\/elainpuisto.fi\/uusi\/wp-content\/uploads\/2012\/10\/tyttojakissa-150x150.jpg\" alt=\"\" width=\"150\" height=\"150\" \/><\/a><a href=\"https:\/\/elainpuisto.fi\/uusi\/wp-content\/uploads\/2012\/10\/tytt\u00f6japupu.jpg\" rel=\"lightbox[26]\"><img loading=\"lazy\" decoding=\"async\" class=\"alignnone size-thumbnail wp-image-179\" title=\"El\u00e4inpuisto\" src=\"https:\/\/elainpuisto.fi\/uusi\/wp-content\/uploads\/2012\/10\/tytt\u00f6japupu-150x150.jpg\" alt=\"\" width=\"150\" height=\"150\" \/><\/a><\/p>\n<p><strong>El\u00e4inpuistossa<\/strong>\u00a0voi tutustua vanhan maalaiskyl\u00e4n el\u00e4imist\u00f6\u00f6n. Erkki-poni, Fettu- ja Putte-possut sek\u00e4 lehm\u00e4t, kanat ja kukot, vuohet ja lampaat karitsoineen odottavat vierailuasi. My\u00f6s Kissalan asukkaat, Lilli-kissa pentuineen ja Alma-koira pentuineen Koiralassa odottavat sinun k\u00e4ynti\u00e4si.<\/p>\n<p>Jos v\u00e4symys yll\u00e4tt\u00e4\u00e4, vetotraktoreita ja k\u00e4rryj\u00e4 l\u00f6ytyy perheen pienimpien k\u00e4ytt\u00f6\u00f6n.\u00a0Kun jano ja n\u00e4lk\u00e4 yll\u00e4tt\u00e4\u00e4, l\u00f6ytyy Savupirttikahvilasta juomien ohella monenlaista makeaa ja suolaista vatsant\u00e4ytett\u00e4.<\/p>\n<p><a href=\"https:\/\/elainpuisto.fi\/uusi\/wp-content\/uploads\/2012\/09\/hevonen.jpg\" rel=\"lightbox[26]\"><img loading=\"lazy\" decoding=\"async\" class=\"alignnone size-thumbnail wp-image-341\" title=\"Hevonen\" src=\"https:\/\/elainpuisto.fi\/uusi\/wp-content\/uploads\/2012\/09\/hevonen-150x150.jpg\" alt=\"\" width=\"150\" height=\"150\" \/><\/a><a href=\"https:\/\/elainpuisto.fi\/uusi\/wp-content\/uploads\/2012\/09\/vuohet.jpg\" rel=\"lightbox[26]\"><img loading=\"lazy\" decoding=\"async\" class=\"alignnone size-thumbnail wp-image-342\" title=\"Vuohet\" src=\"https:\/\/elainpuisto.fi\/uusi\/wp-content\/uploads\/2012\/09\/vuohet-150x150.jpg\" alt=\"\" width=\"150\" height=\"150\" \/><\/a><a href=\"https:\/\/elainpuisto.fi\/uusi\/wp-content\/uploads\/2017\/02\/vuohet.jpg\" rel=\"lightbox[26]\"><img loading=\"lazy\" decoding=\"async\" class=\"alignnone size-thumbnail wp-image-664\" src=\"https:\/\/elainpuisto.fi\/uusi\/wp-content\/uploads\/2017\/02\/vuohet-150x150.jpg\" alt=\"Vuohet\" width=\"150\" height=\"150\" \/><\/a><\/p>\n<p><strong>Leikkipuiston alue on laajentunut.<\/strong> 2016 rakennettu leikkim\u00f6kkialue saa vuosittain p\u00e4ivityst\u00e4 ja uusia aiheita sisustukseen.<\/p>\n<style type=\"text\/css\"><!-- p.p1 {margin: 0.0px 0.0px 10.0px 0.0px; font: 11.0px Helvetica} --><\/style>\n<p>Osa m\u00f6keist\u00e4 on avattu lapsille leikkimist\u00e4 varten. Perheen pienimm\u00e4t viihtyv\u00e4tkin t\u00e4ll\u00e4 uudella alueella leikkikaupassa ja leikkim\u00f6keiss\u00e4 leikkien.<\/p>\n<p><a href=\"https:\/\/elainpuisto.fi\/uusi\/wp-content\/uploads\/2017\/02\/leikkimokit.jpg\" rel=\"lightbox[26]\"><img loading=\"lazy\" decoding=\"async\" class=\"alignnone size-thumbnail wp-image-656\" src=\"https:\/\/elainpuisto.fi\/uusi\/wp-content\/uploads\/2017\/02\/leikkimokit-150x150.jpg\" alt=\"Leikkim\u00f6kit\" width=\"150\" height=\"150\" \/><\/a><a href=\"https:\/\/elainpuisto.fi\/uusi\/wp-content\/uploads\/2017\/02\/termater.jpg\" rel=\"lightbox[26]\"><img loading=\"lazy\" decoding=\"async\" class=\"alignnone size-thumbnail wp-image-663\" src=\"https:\/\/elainpuisto.fi\/uusi\/wp-content\/uploads\/2017\/02\/termater-150x150.jpg\" alt=\"\" width=\"150\" height=\"150\" \/><\/a><a href=\"https:\/\/elainpuisto.fi\/uusi\/wp-content\/uploads\/2017\/02\/teritalo.jpg\" rel=\"lightbox[26]\"><img loading=\"lazy\" decoding=\"async\" class=\"alignnone size-thumbnail wp-image-662\" src=\"https:\/\/elainpuisto.fi\/uusi\/wp-content\/uploads\/2017\/02\/teritalo-150x150.jpg\" alt=\"\" width=\"150\" height=\"150\" \/><\/a><br \/>\n<a href=\"https:\/\/elainpuisto.fi\/uusi\/wp-content\/uploads\/2017\/02\/teijotalo.jpg\" rel=\"lightbox[26]\"><img loading=\"lazy\" decoding=\"async\" class=\"alignnone size-thumbnail wp-image-661\" src=\"https:\/\/elainpuisto.fi\/uusi\/wp-content\/uploads\/2017\/02\/teijotalo-150x150.jpg\" alt=\"\" width=\"150\" height=\"150\" \/><\/a><a href=\"https:\/\/elainpuisto.fi\/uusi\/wp-content\/uploads\/2017\/02\/leikkikauppa1.jpg\" rel=\"lightbox[26]\"><img loading=\"lazy\" decoding=\"async\" class=\"alignnone size-thumbnail wp-image-655\" src=\"https:\/\/elainpuisto.fi\/uusi\/wp-content\/uploads\/2017\/02\/leikkikauppa1-150x150.jpg\" alt=\"\" width=\"150\" height=\"150\" \/><\/a><a href=\"https:\/\/elainpuisto.fi\/uusi\/wp-content\/uploads\/2017\/02\/kreivitalo.jpg\" rel=\"lightbox[26]\"><img loading=\"lazy\" decoding=\"async\" class=\"alignnone size-thumbnail wp-image-654\" src=\"https:\/\/elainpuisto.fi\/uusi\/wp-content\/uploads\/2017\/02\/kreivitalo-150x150.jpg\" alt=\"\" width=\"150\" height=\"150\" \/><br \/>\n<\/a><a href=\"https:\/\/elainpuisto.fi\/uusi\/wp-content\/uploads\/2017\/02\/kannustalo.jpg\" rel=\"lightbox[26]\"><img loading=\"lazy\" decoding=\"async\" class=\"alignnone size-thumbnail wp-image-651\" src=\"https:\/\/elainpuisto.fi\/uusi\/wp-content\/uploads\/2017\/02\/kannustalo-150x150.jpg\" alt=\"\" width=\"150\" height=\"150\" \/><\/a><a href=\"https:\/\/elainpuisto.fi\/uusi\/wp-content\/uploads\/2017\/02\/hirsimokki.jpg\" rel=\"lightbox[26]\"><img loading=\"lazy\" decoding=\"async\" class=\"alignnone size-thumbnail wp-image-649\" src=\"https:\/\/elainpuisto.fi\/uusi\/wp-content\/uploads\/2017\/02\/hirsimokki-150x150.jpg\" alt=\"\" width=\"150\" height=\"150\" \/><\/a><a href=\"https:\/\/elainpuisto.fi\/uusi\/wp-content\/uploads\/2017\/02\/desingtalo.jpg\" rel=\"lightbox[26]\"><img loading=\"lazy\" decoding=\"async\" class=\"alignnone size-thumbnail wp-image-648\" src=\"https:\/\/elainpuisto.fi\/uusi\/wp-content\/uploads\/2017\/02\/desingtalo-150x150.jpg\" alt=\"\" width=\"150\" height=\"150\" \/><\/a><\/p>\n<p><strong>M\u00f6kki- ja caravanalueelle<\/strong>\u00a0voi majoittua kes\u00e4kaudella edulliseen hintaan perheen kanssa pidemm\u00e4ksikin aikaa.<\/p>\n","protected":false},"excerpt":{"rendered":"<p>El&auml;inpuistossa&nbsp;voi tutustua vanhan maalaiskyl&auml;n el&auml;imist&ouml;&ouml;n. Erkki-poni, Fettu- ja Putte-possut sek&auml; lehm&auml;t, kanat ja kukot, vuohet ja lampaat karitsoineen odottavat vierailuasi. My&ouml;s Kissalan asukkaat, Lilli-kissa pentuineen ja Alma-koira pentuineen Koiralassa odottavat sinun k&auml;ynti&auml;si. Jos v&auml;symys yll&auml;tt&auml;&auml;, vetotraktoreita ja k&auml;rryj&auml; l&ouml;ytyy perheen &hellip; <a href=\"https:\/\/elainpuisto.fi\/uusi\/elainpuisto\/\">Continue reading <span class=\"meta-nav\">&rarr;<\/span><\/a><\/p>\n","protected":false},"author":1,"featured_media":534,"parent":0,"menu_order":3,"comment_status":"closed","ping_status":"closed","template":"sidebar-page.php","meta":{"footnotes":""},"_links":{"self":[{"href":"https:\/\/elainpuisto.fi\/uusi\/wp-json\/wp\/v2\/pages\/26"}],"collection":[{"href":"https:\/\/elainpuisto.fi\/uusi\/wp-json\/wp\/v2\/pages"}],"about":[{"href":"https:\/\/elainpuisto.fi\/uusi\/wp-json\/wp\/v2\/types\/page"}],"author":[{"embeddable":true,"href":"https:\/\/elainpuisto.fi\/uusi\/wp-json\/wp\/v2\/users\/1"}],"replies":[{"embeddable":true,"href":"https:\/\/elainpuisto.fi\/uusi\/wp-json\/wp\/v2\/comments?post=26"}],"version-history":[{"count":47,"href":"https:\/\/elainpuisto.fi\/uusi\/wp-json\/wp\/v2\/pages\/26\/revisions"}],"predecessor-version":[{"id":909,"href":"https:\/\/elainpuisto.fi\/uusi\/wp-json\/wp\/v2\/pages\/26\/revisions\/909"}],"wp:featuredmedia":[{"embeddable":true,"href":"https:\/\/elainpuisto.fi\/uusi\/wp-json\/wp\/v2\/media\/534"}],"wp:attachment":[{"href":"https:\/\/elainpuisto.fi\/uusi\/wp-json\/wp\/v2\/media?parent=26"}],"curies":[{"name":"wp","href":"https:\/\/api.w.org\/{rel}","templated":true}]}}