{"id":16,"date":"2012-09-03T13:18:13","date_gmt":"2012-09-03T10:18:13","guid":{"rendered":"https:\/\/elainpuisto.fi\/uusi\/?page_id=16"},"modified":"2022-04-14T16:04:40","modified_gmt":"2022-04-14T13:04:40","slug":"museokyla","status":"publish","type":"page","link":"https:\/\/elainpuisto.fi\/uusi\/museokyla\/","title":{"rendered":"Museokyl\u00e4"},"content":{"rendered":"<h1>Museoalue\u00a0tarjoaa joka sesonki uuden teeman pohjalta mielenkiintoista katseltavaa.<\/h1>\n<p><a href=\"https:\/\/elainpuisto.fi\/uusi\/wp-content\/uploads\/2012\/10\/antintupa.jpg\" rel=\"lightbox[16]\"><br \/>\n<img loading=\"lazy\" decoding=\"async\" class=\"alignnone size-thumbnail wp-image-188\" title=\"Antintupa\" src=\"https:\/\/elainpuisto.fi\/uusi\/wp-content\/uploads\/2012\/10\/antintupa-150x150.jpg\" alt=\"\" width=\"150\" height=\"150\" \/><\/a><a href=\"https:\/\/elainpuisto.fi\/uusi\/wp-content\/uploads\/2012\/10\/lankojenvarjays.jpg\" rel=\"lightbox[16]\"><img loading=\"lazy\" decoding=\"async\" class=\"alignnone size-thumbnail wp-image-211\" title=\"Langanv\u00e4rj\u00e4ys meneill\u00e4\u00e4n\" src=\"https:\/\/elainpuisto.fi\/uusi\/wp-content\/uploads\/2012\/10\/lankojenvarjays-150x150.jpg\" alt=\"\" width=\"150\" height=\"150\" \/><\/a><a href=\"https:\/\/elainpuisto.fi\/uusi\/wp-content\/uploads\/2012\/09\/rukki.jpg\" rel=\"lightbox[16]\"><img loading=\"lazy\" decoding=\"async\" class=\"alignnone size-thumbnail wp-image-344\" title=\"Rukki\" src=\"https:\/\/elainpuisto.fi\/uusi\/wp-content\/uploads\/2012\/09\/rukki-150x150.jpg\" alt=\"\" width=\"150\" height=\"150\" \/><\/a><a href=\"https:\/\/elainpuisto.fi\/uusi\/wp-content\/uploads\/2012\/09\/kangaspuut.jpg\" rel=\"lightbox[16]\"><img loading=\"lazy\" decoding=\"async\" class=\"alignnone size-thumbnail wp-image-345\" title=\"Kangaspuut Antintuvassa\" src=\"https:\/\/elainpuisto.fi\/uusi\/wp-content\/uploads\/2012\/09\/kangaspuut-150x150.jpg\" alt=\"\" width=\"150\" height=\"150\" \/><img loading=\"lazy\" decoding=\"async\" class=\"size-thumbnail wp-image-922 alignnone\" src=\"https:\/\/elainpuisto.fi\/uusi\/wp-content\/uploads\/2022\/04\/kukka-150x150.jpg\" alt=\"\" width=\"150\" height=\"150\" \/> <img loading=\"lazy\" decoding=\"async\" class=\"size-thumbnail wp-image-924 alignnone\" src=\"https:\/\/elainpuisto.fi\/uusi\/wp-content\/uploads\/2022\/04\/huone-150x150.jpg\" alt=\"\" width=\"150\" height=\"150\" \/><\/a><a href=\"https:\/\/elainpuisto.fi\/uusi\/wp-content\/uploads\/2012\/10\/lankojenvarjays.jpg\" rel=\"lightbox[16]\"><br \/>\n<\/a><\/p>\n<p><strong>Antintuvassa<\/strong>\u00a0on tilaisuus tutustua ty\u00f6n\u00e4yt\u00f6ksien kautta vanhoihin k\u00e4sity\u00f6menetelmiin, esim. karstaukseen, kehr\u00e4ykseen ja langan v\u00e4rj\u00e4ykseen kes\u00e4kaudella. Tutustua voi my\u00f6s r\u00e4symattojen kudontaan kangaspuilla. Antintuvassa j\u00e4rjestet\u00e4\u00e4n kes\u00e4isin vaihtuvia n\u00e4yttelyit\u00e4.<\/p>\n<p><strong>Sep\u00e4npaja<\/strong> oli entisajan kyl\u00e4yhteis\u00f6n keskipiste. Siell\u00e4 tehtiin yleens\u00e4 kaikki talouksien ty\u00f6kalut ja v\u00e4lineet ahjon \u00e4\u00e4rell\u00e4. Pajassa on esill\u00e4 runsaasti aiheeseen liittyv\u00e4\u00e4 v\u00e4lineist\u00f6\u00e4 ja sesonkiaikaan ty\u00f6n\u00e4yt\u00f6ksi\u00e4 kyl\u00e4seppien suorittamana.<\/p>\n<p><strong>Isois\u00e4n puusep\u00e4ntehdas<\/strong> &#8211; Viime vuosisadan vaihteen puusep\u00e4ntehtaassa on lukuisia puurunkoisia ty\u00f6koneita ja karstantekokoneita, kaikki toimintakunnossa. Siell\u00e4 saa oivan k\u00e4sityksen siit\u00e4, miten 1900-luvun koneellistuminen on l\u00e4htenyt k\u00e4yntiin. Tehtaassa on laaja valikoima puusep\u00e4n k\u00e4sity\u00f6kaluja ja vierest\u00e4 l\u00f6ytyy vanha muuntajarakennus.<\/p>\n<p><strong>Kyl\u00e4kauppa<\/strong> &#8211; 1930-40 -luvulta olevan sekatavarapuodin lis\u00e4ksi rakennuksessa on kyl\u00e4posti, puhelinkeskus, kellosep\u00e4nverstas ja valokuvauslaboratorio sek\u00e4 benziiniasema kyl\u00e4kaupan pihalla. Esill\u00e4 on mm. paikallisen Lassilan kellosep\u00e4n v\u00e4lineist\u00f6\u00e4 sek\u00e4 Otto Junnolan valokuvia.<\/p>\n<p><strong><a href=\"https:\/\/elainpuisto.fi\/uusi\/wp-content\/uploads\/2012\/09\/tytot_karryilla1.jpg\" rel=\"lightbox[16]\"><img loading=\"lazy\" decoding=\"async\" class=\"alignnone size-thumbnail wp-image-351\" title=\"Kaupan pihassa\" src=\"https:\/\/elainpuisto.fi\/uusi\/wp-content\/uploads\/2012\/09\/tytot_karryilla1-150x150.jpg\" alt=\"\" width=\"150\" height=\"150\" \/><\/a><a href=\"https:\/\/elainpuisto.fi\/uusi\/wp-content\/uploads\/2012\/09\/mopo1.jpg\" rel=\"lightbox[16]\"><img loading=\"lazy\" decoding=\"async\" class=\"alignnone size-thumbnail wp-image-352\" title=\"Mopo kaupan pihassa\" src=\"https:\/\/elainpuisto.fi\/uusi\/wp-content\/uploads\/2012\/09\/mopo1-150x150.jpg\" alt=\"\" width=\"150\" height=\"150\" \/><\/a><a href=\"https:\/\/elainpuisto.fi\/uusi\/wp-content\/uploads\/2012\/10\/kauppa.jpg\" rel=\"lightbox[16]\"><img loading=\"lazy\" decoding=\"async\" class=\"alignnone size-thumbnail wp-image-209\" title=\"Vanha kyl\u00e4kauppa\" src=\"https:\/\/elainpuisto.fi\/uusi\/wp-content\/uploads\/2012\/10\/kauppa-150x150.jpg\" alt=\"\" width=\"150\" height=\"150\" \/><\/a><a href=\"https:\/\/elainpuisto.fi\/uusi\/wp-content\/uploads\/2012\/10\/kellot.jpg\" rel=\"lightbox[16]\"><img loading=\"lazy\" decoding=\"async\" class=\"alignnone size-thumbnail wp-image-207\" title=\"Kellosep\u00e4n verstas\" src=\"https:\/\/elainpuisto.fi\/uusi\/wp-content\/uploads\/2012\/10\/kellot-150x150.jpg\" alt=\"\" width=\"150\" height=\"150\" \/><\/a><a href=\"https:\/\/elainpuisto.fi\/uusi\/wp-content\/uploads\/2012\/10\/kauppapuoti.jpg\" rel=\"lightbox[16]\"><img loading=\"lazy\" decoding=\"async\" class=\"alignnone size-thumbnail wp-image-206\" title=\"Kauppapuoti\" src=\"https:\/\/elainpuisto.fi\/uusi\/wp-content\/uploads\/2012\/10\/kauppapuoti-150x150.jpg\" alt=\"\" width=\"150\" height=\"150\" \/><\/a><a href=\"https:\/\/elainpuisto.fi\/uusi\/wp-content\/uploads\/2012\/10\/kassakone.jpg\" rel=\"lightbox[16]\"><img loading=\"lazy\" decoding=\"async\" class=\"alignnone size-thumbnail wp-image-208\" title=\"Kaupan kassakone\" src=\"https:\/\/elainpuisto.fi\/uusi\/wp-content\/uploads\/2012\/10\/kassakone-150x150.jpg\" alt=\"\" width=\"150\" height=\"150\" \/><\/a><\/strong><\/p>\n<p><strong><strong>Limukkatehdas<\/strong>\u00a0ja leipomo <\/strong>30-40-luvuilta.<\/p>\n<p><a href=\"https:\/\/elainpuisto.fi\/uusi\/wp-content\/uploads\/2012\/09\/limsakori.jpg\" rel=\"lightbox[16]\"><img loading=\"lazy\" decoding=\"async\" class=\"alignnone size-thumbnail wp-image-383\" title=\"Limsakori\" src=\"https:\/\/elainpuisto.fi\/uusi\/wp-content\/uploads\/2012\/09\/limsakori-150x150.jpg\" alt=\"\" width=\"150\" height=\"150\" \/><\/a><a href=\"https:\/\/elainpuisto.fi\/uusi\/wp-content\/uploads\/2012\/10\/pommac.jpg\" rel=\"lightbox[16]\"><img loading=\"lazy\" decoding=\"async\" class=\"alignnone size-thumbnail wp-image-205\" title=\"Vanha limumainos\" src=\"https:\/\/elainpuisto.fi\/uusi\/wp-content\/uploads\/2012\/10\/pommac-150x150.jpg\" alt=\"\" width=\"150\" height=\"150\" \/><\/a><a href=\"https:\/\/elainpuisto.fi\/uusi\/wp-content\/uploads\/2012\/09\/leipomo.jpg\" rel=\"lightbox[16]\"><img loading=\"lazy\" decoding=\"async\" class=\"alignnone size-thumbnail wp-image-354\" title=\"Leipomo\" src=\"https:\/\/elainpuisto.fi\/uusi\/wp-content\/uploads\/2012\/09\/leipomo-150x150.jpg\" alt=\"\" width=\"150\" height=\"150\" \/><\/a><\/p>\n<p><strong>Riihi- ja maatalousmuseossa<\/strong> esitt\u00e4ytyy maanviljelykseen ja maatilan arkiel\u00e4m\u00e4\u00e4n kuuluva tarve-esineist\u00f6 ja runsas ty\u00f6kalukokoelma.<\/p>\n<p><strong>Er\u00e4museossa<\/strong> esitell\u00e4\u00e4n laajasti er\u00e4nk\u00e4ynti\u00e4, mets\u00e4styst\u00e4 ja kalastusta eri osastoilla. Lis\u00e4ksi alueelta l\u00f6ytyy mm. polttomoottorimuseo, tervahauta, tiilitehdas, torpparin m\u00f6kki ja suuren suosion saanut kyl\u00e4koulu 40-luvulta.<\/p>\n<p><a href=\"https:\/\/elainpuisto.fi\/uusi\/wp-content\/uploads\/2012\/09\/kartta.jpg\" rel=\"lightbox[16]\"><img loading=\"lazy\" decoding=\"async\" class=\"alignnone size-thumbnail wp-image-356\" title=\"Kyl\u00e4koululla\" src=\"https:\/\/elainpuisto.fi\/uusi\/wp-content\/uploads\/2012\/09\/kartta-150x150.jpg\" alt=\"\" width=\"150\" height=\"150\" \/><\/a><a href=\"https:\/\/elainpuisto.fi\/uusi\/wp-content\/uploads\/2012\/09\/tunti_museokoululla.jpg\" rel=\"lightbox[16]\"><img loading=\"lazy\" decoding=\"async\" class=\"alignnone size-thumbnail wp-image-385\" title=\"Oppitunti museokoululla\" src=\"https:\/\/elainpuisto.fi\/uusi\/wp-content\/uploads\/2012\/09\/tunti_museokoululla-150x150.jpg\" alt=\"\" width=\"150\" height=\"150\" \/><\/a><a href=\"https:\/\/elainpuisto.fi\/uusi\/wp-content\/uploads\/2012\/10\/luokkahuone.jpg\" rel=\"lightbox[16]\"><img loading=\"lazy\" decoding=\"async\" class=\"alignnone size-thumbnail wp-image-214\" title=\"Luokkahuone\" src=\"https:\/\/elainpuisto.fi\/uusi\/wp-content\/uploads\/2012\/10\/luokkahuone-150x150.jpg\" alt=\"\" width=\"150\" height=\"150\" \/><br \/>\n<\/a><a href=\"https:\/\/elainpuisto.fi\/uusi\/wp-content\/uploads\/2017\/02\/juna-ja-poika.jpg\" rel=\"lightbox[16]\"><img loading=\"lazy\" decoding=\"async\" class=\"alignnone size-thumbnail wp-image-650\" src=\"https:\/\/elainpuisto.fi\/uusi\/wp-content\/uploads\/2017\/02\/juna-ja-poika-150x150.jpg\" alt=\"Juna\" width=\"150\" height=\"150\" \/><\/a><a href=\"https:\/\/elainpuisto.fi\/uusi\/wp-content\/uploads\/2017\/02\/rattaat-ja-lapset.jpg\" rel=\"lightbox[16]\"><img loading=\"lazy\" decoding=\"async\" class=\"alignnone size-thumbnail wp-image-660\" src=\"https:\/\/elainpuisto.fi\/uusi\/wp-content\/uploads\/2017\/02\/rattaat-ja-lapset-150x150.jpg\" alt=\"Rattaat\" width=\"150\" height=\"150\" \/><\/a><a href=\"https:\/\/elainpuisto.fi\/uusi\/wp-content\/uploads\/2012\/09\/lapsetjaheppa.jpg\" rel=\"lightbox[16]\"><img loading=\"lazy\" decoding=\"async\" class=\"alignnone size-thumbnail wp-image-346\" src=\"https:\/\/elainpuisto.fi\/uusi\/wp-content\/uploads\/2012\/09\/lapsetjaheppa-150x150.jpg\" alt=\"Lapset ja heppa\" width=\"150\" height=\"150\" \/><\/a><\/p>\n<p><strong>Auto- ja traktorialueella<\/strong> on iso-is\u00e4n aikaisia menopelej\u00e4 ty\u00f6koneineen. Jos hyv\u00e4 tuuri k\u00e4y, p\u00e4\u00e4see museo-alueella pienelle traktoriajelulle.<\/p>\n<p><a href=\"https:\/\/elainpuisto.fi\/uusi\/wp-content\/uploads\/2012\/09\/raktorit.jpg\" rel=\"lightbox[16]\"><img loading=\"lazy\" decoding=\"async\" class=\"alignnone size-thumbnail wp-image-359\" title=\"Traktorit\" src=\"https:\/\/elainpuisto.fi\/uusi\/wp-content\/uploads\/2012\/09\/raktorit-150x150.jpg\" alt=\"\" width=\"150\" height=\"150\" \/><\/a><a href=\"https:\/\/elainpuisto.fi\/uusi\/wp-content\/uploads\/2012\/09\/ralliraktorit.jpg\" rel=\"lightbox[16]\"><img loading=\"lazy\" decoding=\"async\" class=\"alignnone size-thumbnail wp-image-361\" title=\"Traktoreita\" src=\"https:\/\/elainpuisto.fi\/uusi\/wp-content\/uploads\/2012\/09\/ralliraktorit-150x150.jpg\" alt=\"\" width=\"150\" height=\"150\" \/><\/a><a href=\"https:\/\/elainpuisto.fi\/uusi\/wp-content\/uploads\/2012\/09\/pikkuraktori.jpg\" rel=\"lightbox[16]\"><img loading=\"lazy\" decoding=\"async\" class=\"alignnone size-thumbnail wp-image-362\" title=\"Pikkutraktori\" src=\"https:\/\/elainpuisto.fi\/uusi\/wp-content\/uploads\/2012\/09\/pikkuraktori-150x150.jpg\" alt=\"\" width=\"150\" height=\"150\" \/><\/a><a href=\"https:\/\/elainpuisto.fi\/uusi\/wp-content\/uploads\/2012\/09\/autojapoika.jpg\" rel=\"lightbox[16]\"><img loading=\"lazy\" decoding=\"async\" class=\"alignnone size-thumbnail wp-image-363\" title=\"Autoja\" src=\"https:\/\/elainpuisto.fi\/uusi\/wp-content\/uploads\/2012\/09\/autojapoika-150x150.jpg\" alt=\"\" width=\"150\" height=\"150\" \/><\/a><a href=\"https:\/\/elainpuisto.fi\/uusi\/wp-content\/uploads\/2012\/09\/matti_ajaa.jpg\" rel=\"lightbox[16]\"><img loading=\"lazy\" decoding=\"async\" class=\"alignnone size-thumbnail wp-image-364\" title=\"Matti ajelulla\" src=\"https:\/\/elainpuisto.fi\/uusi\/wp-content\/uploads\/2012\/09\/matti_ajaa-150x150.jpg\" alt=\"\" width=\"150\" height=\"150\" \/><\/a><a href=\"https:\/\/elainpuisto.fi\/uusi\/wp-content\/uploads\/2012\/09\/mopolla.jpg\" rel=\"lightbox[16]\"><img loading=\"lazy\" decoding=\"async\" class=\"alignnone size-thumbnail wp-image-365\" title=\"Mopoja\" src=\"https:\/\/elainpuisto.fi\/uusi\/wp-content\/uploads\/2012\/09\/mopolla-150x150.jpg\" alt=\"\" width=\"150\" height=\"150\" \/><\/a><\/p>\n<p>Alueella on my\u00f6s vanha <strong>kalastusalus<\/strong>, jossa voi pit\u00e4\u00e4 pieni\u00e4 tilaisuuksia.<\/p>\n<h1><a href=\"https:\/\/elainpuisto.fi\/uusi\/wp-content\/uploads\/2012\/09\/Laiva.jpg\" rel=\"lightbox[16]\"><img loading=\"lazy\" decoding=\"async\" class=\"alignnone size-thumbnail wp-image-368\" title=\"Kalastusalus\" src=\"https:\/\/elainpuisto.fi\/uusi\/wp-content\/uploads\/2012\/09\/Laiva-150x150.jpg\" alt=\"\" width=\"150\" height=\"150\" \/><\/a><a href=\"https:\/\/elainpuisto.fi\/uusi\/wp-content\/uploads\/2012\/09\/pursimies.jpg\" rel=\"lightbox[16]\"><img loading=\"lazy\" decoding=\"async\" class=\"alignnone size-thumbnail wp-image-367\" title=\"Kalastusaluksella pursimiehen\u00e4\" src=\"https:\/\/elainpuisto.fi\/uusi\/wp-content\/uploads\/2012\/09\/pursimies-150x150.jpg\" alt=\"\" width=\"150\" height=\"150\" \/><\/a><a href=\"https:\/\/elainpuisto.fi\/uusi\/wp-content\/uploads\/2012\/09\/Laivasta.jpg\" rel=\"lightbox[16]\"><img loading=\"lazy\" decoding=\"async\" class=\"alignnone size-thumbnail wp-image-369\" title=\"Kalastusaluksen sis\u00e4lt\u00e4\" src=\"https:\/\/elainpuisto.fi\/uusi\/wp-content\/uploads\/2012\/09\/Laivasta-150x150.jpg\" alt=\"\" width=\"150\" height=\"150\" \/><\/a><\/h1>\n<h1><\/h1>\n","protected":false},"excerpt":{"rendered":"<p>Museoalue&nbsp;tarjoaa joka sesonki uuden teeman pohjalta mielenkiintoista katseltavaa. Antintuvassa&nbsp;on tilaisuus tutustua ty&ouml;n&auml;yt&ouml;ksien kautta vanhoihin k&auml;sity&ouml;menetelmiin, esim. karstaukseen, kehr&auml;ykseen ja langan v&auml;rj&auml;ykseen kes&auml;kaudella. Tutustua voi my&ouml;s r&auml;symattojen kudontaan kangaspuilla. Antintuvassa j&auml;rjestet&auml;&auml;n kes&auml;isin vaihtuvia n&auml;yttelyit&auml;. Sep&auml;npaja oli entisajan kyl&auml;yhteis&ouml;n keskipiste. Siell&auml; tehtiin &hellip; <a href=\"https:\/\/elainpuisto.fi\/uusi\/museokyla\/\">Continue reading <span class=\"meta-nav\">&rarr;<\/span><\/a><\/p>\n","protected":false},"author":1,"featured_media":161,"parent":0,"menu_order":4,"comment_status":"closed","ping_status":"closed","template":"sidebar-page.php","meta":{"footnotes":""},"_links":{"self":[{"href":"https:\/\/elainpuisto.fi\/uusi\/wp-json\/wp\/v2\/pages\/16"}],"collection":[{"href":"https:\/\/elainpuisto.fi\/uusi\/wp-json\/wp\/v2\/pages"}],"about":[{"href":"https:\/\/elainpuisto.fi\/uusi\/wp-json\/wp\/v2\/types\/page"}],"author":[{"embeddable":true,"href":"https:\/\/elainpuisto.fi\/uusi\/wp-json\/wp\/v2\/users\/1"}],"replies":[{"embeddable":true,"href":"https:\/\/elainpuisto.fi\/uusi\/wp-json\/wp\/v2\/comments?post=16"}],"version-history":[{"count":55,"href":"https:\/\/elainpuisto.fi\/uusi\/wp-json\/wp\/v2\/pages\/16\/revisions"}],"predecessor-version":[{"id":925,"href":"https:\/\/elainpuisto.fi\/uusi\/wp-json\/wp\/v2\/pages\/16\/revisions\/925"}],"wp:featuredmedia":[{"embeddable":true,"href":"https:\/\/elainpuisto.fi\/uusi\/wp-json\/wp\/v2\/media\/161"}],"wp:attachment":[{"href":"https:\/\/elainpuisto.fi\/uusi\/wp-json\/wp\/v2\/media?parent=16"}],"curies":[{"name":"wp","href":"https:\/\/api.w.org\/{rel}","templated":true}]}}